{"id":5712,"date":"2026-01-26T15:38:16","date_gmt":"2026-01-26T18:38:16","guid":{"rendered":"https:\/\/loskitsdelagringuita.cl\/tienda\/?post_type=product&#038;p=5712"},"modified":"2026-01-26T15:44:04","modified_gmt":"2026-01-26T18:44:04","slug":"symphony","status":"publish","type":"product","link":"https:\/\/loskitsdelagringuita.cl\/tienda\/producto\/symphony\/","title":{"rendered":"Symphony"},"content":{"rendered":"<p data-start=\"128\" data-end=\"383\">Symphony es un hilado que es una <strong data-start=\"132\" data-end=\"169\">mezcla \u00fanica de algod\u00f3n y viscosa<\/strong> que ofrece prendas livianas, frescas y con una ca\u00edda maravillosa. Su hebra con un sutil brillo hace que cada tejido luzca elegante y delicado, perfecta para poleras, sweaters livianos de primavera y vestidos \ud83d\ude0d.<\/p>\n<p data-start=\"385\" data-end=\"751\"><strong>Detalles r\u00e1pidos:<\/strong><br data-start=\"402\" data-end=\"405\" \/>\u2022 Composici\u00f3n: 80% algod\u00f3n, 20% viscosa (brillo sutil y suavidad)<br data-start=\"470\" data-end=\"473\" \/>\u2022 Ovillo de 50\u202fg (~125\u202fm) \u2014 ideal para proyectos ligeros<br data-start=\"529\" data-end=\"532\" \/>\u2022 Grosor: DK \ud83e\udea1<br data-start=\"547\" data-end=\"550\" data-is-only-node=\"\" \/>\u2022 Palillos recomendados: desde 4 mm<br data-start=\"585\" data-end=\"588\" \/>\u2022 Crochet recomendado: 4 mm \ud83e\uddf6<br data-start=\"618\" data-end=\"621\" \/>\u2022 Perfecto para poleras, sweaters de primavera, vestidos y prendas con ca\u00edda<br data-start=\"697\" data-end=\"700\" \/>\u2022 Hermosa paleta de colores para combinar y crear<\/p>\n","protected":false},"excerpt":{"rendered":"<p>Symphony es un hilado que es una mezcla \u00fanica de algod\u00f3n y viscosa que ofrece prendas livianas, frescas y con una ca\u00edda maravillosa. Su hebra con<span class=\"excerpt-hellip\"> [\u2026]<\/span><\/p>\n","protected":false},"featured_media":5713,"template":"","meta":[],"product_brand":[],"product_cat":[19,59],"product_tag":[],"class_list":{"0":"post-5712","1":"product","2":"type-product","3":"status-publish","4":"has-post-thumbnail","6":"product_cat-sin-categoria","7":"product_cat-fibras-mixtas","9":"first","10":"instock","11":"taxable","12":"shipping-taxable","13":"purchasable","14":"product-type-variable"},"_links":{"self":[{"href":"https:\/\/loskitsdelagringuita.cl\/tienda\/wp-json\/wp\/v2\/product\/5712","targetHints":{"allow":["GET"]}}],"collection":[{"href":"https:\/\/loskitsdelagringuita.cl\/tienda\/wp-json\/wp\/v2\/product"}],"about":[{"href":"https:\/\/loskitsdelagringuita.cl\/tienda\/wp-json\/wp\/v2\/types\/product"}],"wp:featuredmedia":[{"embeddable":true,"href":"https:\/\/loskitsdelagringuita.cl\/tienda\/wp-json\/wp\/v2\/media\/5713"}],"wp:attachment":[{"href":"https:\/\/loskitsdelagringuita.cl\/tienda\/wp-json\/wp\/v2\/media?parent=5712"}],"wp:term":[{"taxonomy":"product_brand","embeddable":true,"href":"https:\/\/loskitsdelagringuita.cl\/tienda\/wp-json\/wp\/v2\/product_brand?post=5712"},{"taxonomy":"product_cat","embeddable":true,"href":"https:\/\/loskitsdelagringuita.cl\/tienda\/wp-json\/wp\/v2\/product_cat?post=5712"},{"taxonomy":"product_tag","embeddable":true,"href":"https:\/\/loskitsdelagringuita.cl\/tienda\/wp-json\/wp\/v2\/product_tag?post=5712"}],"curies":[{"name":"wp","href":"https:\/\/api.w.org\/{rel}","templated":true}]}}