{"id":5675,"date":"2026-01-26T15:36:54","date_gmt":"2026-01-26T18:36:54","guid":{"rendered":"https:\/\/loskitsdelagringuita.cl\/tienda\/?post_type=product&#038;p=5675"},"modified":"2026-01-26T15:45:55","modified_gmt":"2026-01-26T18:45:55","slug":"baby-cotton","status":"publish","type":"product","link":"https:\/\/loskitsdelagringuita.cl\/tienda\/producto\/baby-cotton\/","title":{"rendered":"Baby Cotton"},"content":{"rendered":"<p data-start=\"134\" data-end=\"414\">El <strong data-start=\"137\" data-end=\"159\">hilado Baby Cotton<\/strong> combina suavidad incre\u00edble con un leve brillo, perfecto para crear poleritas, sweaters y prendas con ca\u00edda natural. Su textura delicada hace que cada puntada se sienta c\u00f3moda y elegante \ud83d\ude0d.<\/p>\n<p data-start=\"416\" data-end=\"776\"><strong>Detalles r\u00e1pidos:<\/strong><br data-start=\"433\" data-end=\"436\" \/>\u2022 Composici\u00f3n: 50% algod\u00f3n, 50% acr\u00edlico (suave, ligero y f\u00e1cil de cuidar)<br data-start=\"510\" data-end=\"513\" \/>\u2022 Ovillo de 50\u202fg (~165\u202fm)\u00a0<br data-start=\"581\" data-end=\"584\" \/>\u2022 Grosor: fingering\u00a0<br data-start=\"606\" data-end=\"609\" data-is-only-node=\"\" \/>\u2022 Palillos recomendados: 3\u20134 mm<br data-start=\"640\" data-end=\"643\" \/>\u2022 Crochet recomendado: 3\u20134 mm \ud83e\uddf6<br data-start=\"675\" data-end=\"678\" \/>\u2022 Perfecto para sweaters, poleritas, prendas con ca\u00edda y proyectos delicados<br data-start=\"754\" data-end=\"757\" \/>\u2022 Origen: Turqu\u00eda<\/p>\n","protected":false},"excerpt":{"rendered":"<p>El hilado Baby Cotton combina suavidad incre\u00edble con un leve brillo, perfecto para crear poleritas, sweaters y prendas con ca\u00edda natural. Su textura delicada hace que<span class=\"excerpt-hellip\"> [\u2026]<\/span><\/p>\n","protected":false},"featured_media":5676,"template":"","meta":[],"product_brand":[],"product_cat":[19,59],"product_tag":[],"class_list":{"0":"post-5675","1":"product","2":"type-product","3":"status-publish","4":"has-post-thumbnail","6":"product_cat-sin-categoria","7":"product_cat-fibras-mixtas","9":"first","10":"instock","11":"taxable","12":"shipping-taxable","13":"purchasable","14":"product-type-variable"},"_links":{"self":[{"href":"https:\/\/loskitsdelagringuita.cl\/tienda\/wp-json\/wp\/v2\/product\/5675","targetHints":{"allow":["GET"]}}],"collection":[{"href":"https:\/\/loskitsdelagringuita.cl\/tienda\/wp-json\/wp\/v2\/product"}],"about":[{"href":"https:\/\/loskitsdelagringuita.cl\/tienda\/wp-json\/wp\/v2\/types\/product"}],"wp:featuredmedia":[{"embeddable":true,"href":"https:\/\/loskitsdelagringuita.cl\/tienda\/wp-json\/wp\/v2\/media\/5676"}],"wp:attachment":[{"href":"https:\/\/loskitsdelagringuita.cl\/tienda\/wp-json\/wp\/v2\/media?parent=5675"}],"wp:term":[{"taxonomy":"product_brand","embeddable":true,"href":"https:\/\/loskitsdelagringuita.cl\/tienda\/wp-json\/wp\/v2\/product_brand?post=5675"},{"taxonomy":"product_cat","embeddable":true,"href":"https:\/\/loskitsdelagringuita.cl\/tienda\/wp-json\/wp\/v2\/product_cat?post=5675"},{"taxonomy":"product_tag","embeddable":true,"href":"https:\/\/loskitsdelagringuita.cl\/tienda\/wp-json\/wp\/v2\/product_tag?post=5675"}],"curies":[{"name":"wp","href":"https:\/\/api.w.org\/{rel}","templated":true}]}}