{"id":5645,"date":"2026-01-26T15:35:23","date_gmt":"2026-01-26T18:35:23","guid":{"rendered":"https:\/\/loskitsdelagringuita.cl\/tienda\/?post_type=product&#038;p=5645"},"modified":"2026-01-26T15:43:45","modified_gmt":"2026-01-26T18:43:45","slug":"spray","status":"publish","type":"product","link":"https:\/\/loskitsdelagringuita.cl\/tienda\/producto\/spray\/","title":{"rendered":"Spray"},"content":{"rendered":"<p data-start=\"129\" data-end=\"572\">El <strong data-start=\"132\" data-end=\"163\">hilado Spray\u2011522 de Petunia<\/strong> es un hilado muy vers\u00e1til, suave al tacto y con un hermoso te\u00f1ido matizado tipo spray que le da un efecto din\u00e1mico y moderno a tus tejidos. \u00a0Su hebra semi-delgada y 3 hebras entrelazadas aseguran un tejido uniforme y agradable, perfecto para crear piezas con textura y color \u00fanicos \ud83d\ude0d.<\/p>\n<p data-start=\"574\" data-end=\"918\"><strong>Detalles r\u00e1pidos:<\/strong><br data-start=\"591\" data-end=\"594\" \/>\u2022 Composici\u00f3n: 100% acr\u00edlico (suave y f\u00e1cil de cuidar)<br data-start=\"648\" data-end=\"651\" \/>\u2022 Ovillo de 100\u202fg \u2014 230 metros<br data-start=\"727\" data-end=\"730\" \/>\u2022 Grosor: semi-delgado\u00a0<br data-start=\"755\" data-end=\"758\" data-is-only-node=\"\" \/>\u2022 Palillos recomendados: 5 mm<br data-start=\"787\" data-end=\"790\" \/>\u2022 Crochet recomendado: 5 mm \ud83e\uddf6<br data-start=\"820\" data-end=\"823\" \/>\u2022 Ideal para su\u00e9teres, chales, accesorios y todo tipo de prendas de invierno y media estaci\u00f3n<\/p>\n","protected":false},"excerpt":{"rendered":"<p>El hilado Spray\u2011522 de Petunia es un hilado muy vers\u00e1til, suave al tacto y con un hermoso te\u00f1ido matizado tipo spray que le da un efecto<span class=\"excerpt-hellip\"> [\u2026]<\/span><\/p>\n","protected":false},"featured_media":5646,"template":"","meta":[],"product_brand":[],"product_cat":[19,30],"product_tag":[],"class_list":{"0":"post-5645","1":"product","2":"type-product","3":"status-publish","4":"has-post-thumbnail","6":"product_cat-sin-categoria","7":"product_cat-hilados-acrilicos","9":"first","10":"outofstock","11":"taxable","12":"shipping-taxable","13":"purchasable","14":"product-type-variable"},"_links":{"self":[{"href":"https:\/\/loskitsdelagringuita.cl\/tienda\/wp-json\/wp\/v2\/product\/5645","targetHints":{"allow":["GET"]}}],"collection":[{"href":"https:\/\/loskitsdelagringuita.cl\/tienda\/wp-json\/wp\/v2\/product"}],"about":[{"href":"https:\/\/loskitsdelagringuita.cl\/tienda\/wp-json\/wp\/v2\/types\/product"}],"wp:featuredmedia":[{"embeddable":true,"href":"https:\/\/loskitsdelagringuita.cl\/tienda\/wp-json\/wp\/v2\/media\/5646"}],"wp:attachment":[{"href":"https:\/\/loskitsdelagringuita.cl\/tienda\/wp-json\/wp\/v2\/media?parent=5645"}],"wp:term":[{"taxonomy":"product_brand","embeddable":true,"href":"https:\/\/loskitsdelagringuita.cl\/tienda\/wp-json\/wp\/v2\/product_brand?post=5645"},{"taxonomy":"product_cat","embeddable":true,"href":"https:\/\/loskitsdelagringuita.cl\/tienda\/wp-json\/wp\/v2\/product_cat?post=5645"},{"taxonomy":"product_tag","embeddable":true,"href":"https:\/\/loskitsdelagringuita.cl\/tienda\/wp-json\/wp\/v2\/product_tag?post=5645"}],"curies":[{"name":"wp","href":"https:\/\/api.w.org\/{rel}","templated":true}]}}