{"id":5630,"date":"2026-01-26T13:36:39","date_gmt":"2026-01-26T16:36:39","guid":{"rendered":"https:\/\/loskitsdelagringuita.cl\/tienda\/?post_type=product&#038;p=5630"},"modified":"2026-01-26T15:47:02","modified_gmt":"2026-01-26T18:47:02","slug":"set-serenity-palillos-fijos-100-cm-mindful","status":"publish","type":"product","link":"https:\/\/loskitsdelagringuita.cl\/tienda\/producto\/set-serenity-palillos-fijos-100-cm-mindful\/","title":{"rendered":"Set Serenity Palillos Fijos 100 cm &#8211; Mindful"},"content":{"rendered":"<p data-start=\"87\" data-end=\"391\">El <strong data-start=\"90\" data-end=\"129\">Set de palillos circulares Serenity<\/strong> es perfecto para quienes buscan simplicidad y practicidad en un solo kit. Con 8 palillos de largo fijo y medidas vers\u00e1tiles, m\u00e1s accesorios completos y organizados en un elegante estuche de mandala, tendr\u00e1s todo lo necesario para tejer con comodidad y estilo.<\/p>\n<p data-start=\"393\" data-end=\"474\">Un set pensado para que cada proyecto sea ordenado, f\u00e1cil y lleno de placer \ud83e\uddf6\u2728<\/p>\n<p><strong>\u00bfQu\u00e9 Incluye?<\/strong><\/p>\n<div class=\"flex flex-col text-sm pb-25\">\n<article class=\"text-token-text-primary w-full focus:outline-none [--shadow-height:45px] has-data-writing-block:pointer-events-none has-data-writing-block:-mt-(--shadow-height) has-data-writing-block:pt-(--shadow-height) [&amp;:has([data-writing-block])&gt;*]:pointer-events-auto scroll-mt-(--header-height)\" dir=\"auto\" data-turn-id=\"f9e5ff88-fee7-41e0-80fb-a6bba4e3b51e\" data-testid=\"conversation-turn-25\" data-scroll-anchor=\"false\" data-turn=\"user\">\n<div class=\"text-base my-auto mx-auto pt-12 [--thread-content-margin:--spacing(4)] @w-sm\/main:[--thread-content-margin:--spacing(6)] @w-lg\/main:[--thread-content-margin:--spacing(16)] px-(--thread-content-margin)\">\n<div class=\"[--thread-content-max-width:40rem] @w-lg\/main:[--thread-content-max-width:48rem] mx-auto max-w-(--thread-content-max-width) flex-1 group\/turn-messages focus-visible:outline-hidden relative flex w-full min-w-0 flex-col\">\n<div class=\"flex max-w-full flex-col grow\">\n<div class=\"min-h-8 text-message relative flex w-full flex-col items-end gap-2 text-start break-words whitespace-normal [.text-message+&amp;]:mt-1\" dir=\"auto\" data-message-author-role=\"user\" data-message-id=\"f9e5ff88-fee7-41e0-80fb-a6bba4e3b51e\">\n<div class=\"flex w-full flex-col gap-1 empty:hidden items-end rtl:items-start\">\n<div class=\"user-message-bubble-color corner-superellipse\/1.1 relative rounded-[18px] px-4 py-1.5 data-[multiline]:py-3 max-w-[var(--user-chat-width,70%)]\" data-multiline=\"\">\n<ul>\n<li class=\"whitespace-pre-wrap\">8 palillos circulares fijos (100 cm de largo total) Medidas:\u00a0 2.25, 2.75, 3.25, 3.5, 3.75, 4.0, 4.5 y 5.0 mm<\/li>\n<li>1 medidor de palillos<\/li>\n<li>2 agujas laneras<\/li>\n<li>10 marcadores de punto tipo candado<\/li>\n<li>10 marcadores partidos 10 marcadores redondos<\/li>\n<li>Estuche textil plegable con dise\u00f1o de mandala<\/li>\n<li>Estuche adicional para guardar los accesorios<\/li>\n<\/ul>\n<\/div>\n<\/div>\n<\/div>\n<\/div>\n<\/div>\n<\/div>\n<\/article>\n<\/div>\n","protected":false},"excerpt":{"rendered":"<p>El Set de palillos circulares Serenity es perfecto para quienes buscan simplicidad y practicidad en un solo kit. Con 8 palillos de largo fijo y medidas<span class=\"excerpt-hellip\"> [\u2026]<\/span><\/p>\n","protected":false},"featured_media":5631,"template":"","meta":[],"product_brand":[],"product_cat":[19,65],"product_tag":[],"class_list":{"0":"post-5630","1":"product","2":"type-product","3":"status-publish","4":"has-post-thumbnail","6":"product_cat-sin-categoria","7":"product_cat-the-mindful-collection","9":"first","10":"instock","11":"taxable","12":"shipping-taxable","13":"purchasable","14":"product-type-simple"},"_links":{"self":[{"href":"https:\/\/loskitsdelagringuita.cl\/tienda\/wp-json\/wp\/v2\/product\/5630","targetHints":{"allow":["GET"]}}],"collection":[{"href":"https:\/\/loskitsdelagringuita.cl\/tienda\/wp-json\/wp\/v2\/product"}],"about":[{"href":"https:\/\/loskitsdelagringuita.cl\/tienda\/wp-json\/wp\/v2\/types\/product"}],"wp:featuredmedia":[{"embeddable":true,"href":"https:\/\/loskitsdelagringuita.cl\/tienda\/wp-json\/wp\/v2\/media\/5631"}],"wp:attachment":[{"href":"https:\/\/loskitsdelagringuita.cl\/tienda\/wp-json\/wp\/v2\/media?parent=5630"}],"wp:term":[{"taxonomy":"product_brand","embeddable":true,"href":"https:\/\/loskitsdelagringuita.cl\/tienda\/wp-json\/wp\/v2\/product_brand?post=5630"},{"taxonomy":"product_cat","embeddable":true,"href":"https:\/\/loskitsdelagringuita.cl\/tienda\/wp-json\/wp\/v2\/product_cat?post=5630"},{"taxonomy":"product_tag","embeddable":true,"href":"https:\/\/loskitsdelagringuita.cl\/tienda\/wp-json\/wp\/v2\/product_tag?post=5630"}],"curies":[{"name":"wp","href":"https:\/\/api.w.org\/{rel}","templated":true}]}}