{"id":5619,"date":"2026-01-26T13:01:14","date_gmt":"2026-01-26T16:01:14","guid":{"rendered":"https:\/\/loskitsdelagringuita.cl\/tienda\/?post_type=product&#038;p=5619"},"modified":"2026-01-26T15:47:22","modified_gmt":"2026-01-26T18:47:22","slug":"set-gratitude-palillos-intercambiables-mindful","status":"publish","type":"product","link":"https:\/\/loskitsdelagringuita.cl\/tienda\/producto\/set-gratitude-palillos-intercambiables-mindful\/","title":{"rendered":"Set Gratitude Palillos Intercambiables &#8211; Mindful"},"content":{"rendered":"<p data-start=\"99\" data-end=\"402\">El <strong data-start=\"102\" data-end=\"147\">Set de palillos intercambiables Gratitude<\/strong> es perfecto para tejedoras que quieren tener todo a mano. Con 12 pares de palillos en medidas desde 3 hasta 12 mm, m\u00faltiples cables giratorios y un completo set de accesorios, te permite pasar de proyectos peque\u00f1os a grandes sin l\u00edmites.<\/p>\n<p data-start=\"404\" data-end=\"554\">Presentado en un elegante estuche de tela con motivo de mandala, es pr\u00e1ctico, organizado y pensado para que cada puntada sea un verdadero placer \ud83e\uddf6\u2728<\/p>\n<p><strong>\u00bfQue Incluye?<\/strong><\/p>\n<ul>\n<li>Juego de 12 pares de palillos intercambiables en las siguientes medidas: 3,0, 3,5, 4,0, 4,5, 5,0, 5,5, 6,0, 7,0, 8,0, 9,0, 10,0 y 12,0 mm<\/li>\n<li>Embalaje: Estuche de Tela con Motivo de Mandala<\/li>\n<li>4 cables giratorios (rotaci\u00f3n de 360 grados): 1 cable de cada uno de 60 cm, 80 cm (2 n\u00fameros) y 100 cm<\/li>\n<li>6 topes de cable.<\/li>\n<li>4 llaves para cables.<\/li>\n<li>1 par de conectores de cable<\/li>\n<li>1 calibre de aguja<\/li>\n<li>2 agujas de zurcir<\/li>\n<li>10 marcadores de\u00a0candados<\/li>\n<li>10 marcadores de\u00a0ganchos<\/li>\n<li>30 marcadores redondos<\/li>\n<\/ul>\n","protected":false},"excerpt":{"rendered":"<p>El Set de palillos intercambiables Gratitude es perfecto para tejedoras que quieren tener todo a mano. Con 12 pares de palillos en medidas desde 3 hasta<span class=\"excerpt-hellip\"> [\u2026]<\/span><\/p>\n","protected":false},"featured_media":5617,"template":"","meta":[],"product_brand":[],"product_cat":[19,65],"product_tag":[],"class_list":{"0":"post-5619","1":"product","2":"type-product","3":"status-publish","4":"has-post-thumbnail","6":"product_cat-sin-categoria","7":"product_cat-the-mindful-collection","9":"first","10":"instock","11":"taxable","12":"shipping-taxable","13":"purchasable","14":"product-type-simple"},"_links":{"self":[{"href":"https:\/\/loskitsdelagringuita.cl\/tienda\/wp-json\/wp\/v2\/product\/5619","targetHints":{"allow":["GET"]}}],"collection":[{"href":"https:\/\/loskitsdelagringuita.cl\/tienda\/wp-json\/wp\/v2\/product"}],"about":[{"href":"https:\/\/loskitsdelagringuita.cl\/tienda\/wp-json\/wp\/v2\/types\/product"}],"wp:featuredmedia":[{"embeddable":true,"href":"https:\/\/loskitsdelagringuita.cl\/tienda\/wp-json\/wp\/v2\/media\/5617"}],"wp:attachment":[{"href":"https:\/\/loskitsdelagringuita.cl\/tienda\/wp-json\/wp\/v2\/media?parent=5619"}],"wp:term":[{"taxonomy":"product_brand","embeddable":true,"href":"https:\/\/loskitsdelagringuita.cl\/tienda\/wp-json\/wp\/v2\/product_brand?post=5619"},{"taxonomy":"product_cat","embeddable":true,"href":"https:\/\/loskitsdelagringuita.cl\/tienda\/wp-json\/wp\/v2\/product_cat?post=5619"},{"taxonomy":"product_tag","embeddable":true,"href":"https:\/\/loskitsdelagringuita.cl\/tienda\/wp-json\/wp\/v2\/product_tag?post=5619"}],"curies":[{"name":"wp","href":"https:\/\/api.w.org\/{rel}","templated":true}]}}