{"id":5606,"date":"2026-01-23T16:22:07","date_gmt":"2026-01-23T19:22:07","guid":{"rendered":"https:\/\/loskitsdelagringuita.cl\/tienda\/?post_type=product&#038;p=5606"},"modified":"2026-01-26T15:51:49","modified_gmt":"2026-01-26T18:51:49","slug":"set-de-palillos-intercambiables-believe-mindful","status":"publish","type":"product","link":"https:\/\/loskitsdelagringuita.cl\/tienda\/producto\/set-de-palillos-intercambiables-believe-mindful\/","title":{"rendered":"Set de Palillos Intercambiables Believe &#8211; Mindful"},"content":{"rendered":"<p data-start=\"177\" data-end=\"561\">El <strong data-start=\"180\" data-end=\"195\">Set Believe<\/strong> re\u00fane siete de los tama\u00f1os m\u00e1s utilizados para tejer encaje, ofreciendo comodidad, fluidez y una organizaci\u00f3n impecable. Incluye <strong data-start=\"325\" data-end=\"362\">agujas circulares intercambiables<\/strong>, <strong data-start=\"364\" data-end=\"390\">tres cables giratorios<\/strong> y una completa selecci\u00f3n de accesorios, todo presentado en un <strong data-start=\"453\" data-end=\"491\">estuche de tela con dise\u00f1o Mindful<\/strong>, con los tama\u00f1os marcados para un orden pr\u00e1ctico y visual.<\/p>\n<p data-start=\"720\" data-end=\"846\">Un set equilibrado y vers\u00e1til de la <strong data-start=\"756\" data-end=\"788\">Colecci\u00f3n Mindful de KnitPro<\/strong>, pensado para disfrutar del tejido con calma y precisi\u00f3n.<\/p>\n<p data-start=\"853\" data-end=\"864\"><strong>Incluye<\/strong><\/p>\n<ul data-start=\"865\" data-end=\"1105\">\n<li data-start=\"865\" data-end=\"948\">\n<p data-start=\"867\" data-end=\"948\">7 palillos intercambiables: <strong data-start=\"895\" data-end=\"948\">3.00 \u2013 3.50 \u2013 4.00 \u2013 4.50 \u2013 5.00 \u2013 5.50 \u2013 6.00 mm<\/strong><\/p>\n<\/li>\n<li data-start=\"949\" data-end=\"987\">\n<p data-start=\"951\" data-end=\"987\">Estuche de tela con motivos florales<\/p>\n<\/li>\n<li data-start=\"988\" data-end=\"1035\">\n<p data-start=\"990\" data-end=\"1035\">3 cables giratorios 360\u00b0: <strong data-start=\"1016\" data-end=\"1035\">60, 80 y 100 cm<\/strong><\/p>\n<\/li>\n<li data-start=\"1036\" data-end=\"1105\">\n<p data-start=\"1038\" data-end=\"1105\">Conectores, galga, agujas para zurcir, llaves, tapones y marcadores<\/p>\n<\/li>\n<\/ul>\n","protected":false},"excerpt":{"rendered":"<p>El Set Believe re\u00fane siete de los tama\u00f1os m\u00e1s utilizados para tejer encaje, ofreciendo comodidad, fluidez y una organizaci\u00f3n impecable. Incluye agujas circulares intercambiables, tres cables<span class=\"excerpt-hellip\"> [\u2026]<\/span><\/p>\n","protected":false},"featured_media":5609,"template":"","meta":[],"product_brand":[],"product_cat":[19,65],"product_tag":[],"class_list":{"0":"post-5606","1":"product","2":"type-product","3":"status-publish","4":"has-post-thumbnail","6":"product_cat-sin-categoria","7":"product_cat-the-mindful-collection","9":"first","10":"instock","11":"taxable","12":"shipping-taxable","13":"purchasable","14":"product-type-simple"},"_links":{"self":[{"href":"https:\/\/loskitsdelagringuita.cl\/tienda\/wp-json\/wp\/v2\/product\/5606","targetHints":{"allow":["GET"]}}],"collection":[{"href":"https:\/\/loskitsdelagringuita.cl\/tienda\/wp-json\/wp\/v2\/product"}],"about":[{"href":"https:\/\/loskitsdelagringuita.cl\/tienda\/wp-json\/wp\/v2\/types\/product"}],"wp:featuredmedia":[{"embeddable":true,"href":"https:\/\/loskitsdelagringuita.cl\/tienda\/wp-json\/wp\/v2\/media\/5609"}],"wp:attachment":[{"href":"https:\/\/loskitsdelagringuita.cl\/tienda\/wp-json\/wp\/v2\/media?parent=5606"}],"wp:term":[{"taxonomy":"product_brand","embeddable":true,"href":"https:\/\/loskitsdelagringuita.cl\/tienda\/wp-json\/wp\/v2\/product_brand?post=5606"},{"taxonomy":"product_cat","embeddable":true,"href":"https:\/\/loskitsdelagringuita.cl\/tienda\/wp-json\/wp\/v2\/product_cat?post=5606"},{"taxonomy":"product_tag","embeddable":true,"href":"https:\/\/loskitsdelagringuita.cl\/tienda\/wp-json\/wp\/v2\/product_tag?post=5606"}],"curies":[{"name":"wp","href":"https:\/\/api.w.org\/{rel}","templated":true}]}}