{"id":5598,"date":"2026-01-26T12:38:51","date_gmt":"2026-01-26T15:38:51","guid":{"rendered":"https:\/\/loskitsdelagringuita.cl\/tienda\/?post_type=product&#038;p=5598"},"modified":"2026-01-26T15:50:03","modified_gmt":"2026-01-26T18:50:03","slug":"estuche-para-palillos-intercambiables-ikat-lantern-moon","status":"publish","type":"product","link":"https:\/\/loskitsdelagringuita.cl\/tienda\/producto\/estuche-para-palillos-intercambiables-ikat-lantern-moon\/","title":{"rendered":"Estuche para palillos intercambiables Ikat &#8211; Lantern Moon"},"content":{"rendered":"<p data-start=\"287\" data-end=\"567\">Este estuche est\u00e1 confeccionado en <strong data-start=\"342\" data-end=\"355\">tela Ikat<\/strong>, el resultado es una pieza <strong data-start=\"507\" data-end=\"516\">\u00fanica<\/strong>, con un marcado car\u00e1cter artesanal.<\/p>\n<p data-start=\"569\" data-end=\"893\">Su interior <strong data-start=\"581\" data-end=\"606\">acolchado y funcional<\/strong> cuenta con <strong data-start=\"618\" data-end=\"693\">10 fundas especialmente dise\u00f1adas para puntas de agujas intercambiables<\/strong> y <strong data-start=\"696\" data-end=\"723\">5 bolsillos adicionales<\/strong>, ideales para guardar cables, conectores y peque\u00f1os accesorios. El <strong data-start=\"791\" data-end=\"816\">cierre con cremallera<\/strong> mantiene todo perfectamente organizado y protegido.<\/p>\n<p data-start=\"1006\" data-end=\"1038\"><strong data-start=\"1006\" data-end=\"1015\">Nota:<\/strong> No incluye accesorios.<\/p>\n","protected":false},"excerpt":{"rendered":"<p>Este estuche est\u00e1 confeccionado en tela Ikat, el resultado es una pieza \u00fanica, con un marcado car\u00e1cter artesanal. Su interior acolchado y funcional cuenta con 10<span class=\"excerpt-hellip\"> [\u2026]<\/span><\/p>\n","protected":false},"featured_media":5596,"template":"","meta":[],"product_brand":[],"product_cat":[19,961],"product_tag":[],"class_list":{"0":"post-5598","1":"product","2":"type-product","3":"status-publish","4":"has-post-thumbnail","6":"product_cat-sin-categoria","7":"product_cat-lantern-moon","9":"first","10":"instock","11":"taxable","12":"shipping-taxable","13":"product-type-simple"},"_links":{"self":[{"href":"https:\/\/loskitsdelagringuita.cl\/tienda\/wp-json\/wp\/v2\/product\/5598","targetHints":{"allow":["GET"]}}],"collection":[{"href":"https:\/\/loskitsdelagringuita.cl\/tienda\/wp-json\/wp\/v2\/product"}],"about":[{"href":"https:\/\/loskitsdelagringuita.cl\/tienda\/wp-json\/wp\/v2\/types\/product"}],"wp:featuredmedia":[{"embeddable":true,"href":"https:\/\/loskitsdelagringuita.cl\/tienda\/wp-json\/wp\/v2\/media\/5596"}],"wp:attachment":[{"href":"https:\/\/loskitsdelagringuita.cl\/tienda\/wp-json\/wp\/v2\/media?parent=5598"}],"wp:term":[{"taxonomy":"product_brand","embeddable":true,"href":"https:\/\/loskitsdelagringuita.cl\/tienda\/wp-json\/wp\/v2\/product_brand?post=5598"},{"taxonomy":"product_cat","embeddable":true,"href":"https:\/\/loskitsdelagringuita.cl\/tienda\/wp-json\/wp\/v2\/product_cat?post=5598"},{"taxonomy":"product_tag","embeddable":true,"href":"https:\/\/loskitsdelagringuita.cl\/tienda\/wp-json\/wp\/v2\/product_tag?post=5598"}],"curies":[{"name":"wp","href":"https:\/\/api.w.org\/{rel}","templated":true}]}}