{"id":5587,"date":"2026-01-26T12:23:32","date_gmt":"2026-01-26T15:23:32","guid":{"rendered":"https:\/\/loskitsdelagringuita.cl\/tienda\/?post_type=product&#038;p=5587"},"modified":"2026-01-26T15:50:20","modified_gmt":"2026-01-26T18:50:20","slug":"set-de-palillos-intercambiables-heirloom-lantern-moon","status":"publish","type":"product","link":"https:\/\/loskitsdelagringuita.cl\/tienda\/producto\/set-de-palillos-intercambiables-heirloom-lantern-moon\/","title":{"rendered":"Set de Palillos Intercambiables Heirloom &#8211; Lantern Moon"},"content":{"rendered":"<p data-start=\"82\" data-end=\"318\">El <strong data-start=\"85\" data-end=\"129\">Set de palillos intercambiables Heirloom<\/strong> es una opci\u00f3n completa para quienes buscan variedad al tejer. Incluye una amplia gama de medidas, incluso intermedias, ideales para lograr la tensi\u00f3n perfecta en cada proyecto.<\/p>\n<p data-start=\"320\" data-end=\"510\">Sus palillos de madera y cables giratorios permiten un tejido fluido y c\u00f3modo, tanto en proyectos peque\u00f1os como grandes. Un set vers\u00e1til y bien equipado para acompa\u00f1arte por mucho tiempo \ud83e\uddf6<\/p>\n<h4>\u00bfQu\u00e9 Incluye?<\/h4>\n<ul>\n<li>Un juego de 10 palillos intercambiables de madera: 3,0, 3,25, 3,5, 3,75, 4,0, 4,5, 5,0, 5,5 , 6,0 y 8,0 mm<\/li>\n<li>3 Cables Giratorios: 60, 80 y 100 cm.<\/li>\n<li>4 topes de cable de madera.<\/li>\n<li>2 llaves para cables.<\/li>\n<li>5 hermosos marcadores de punto con dise\u00f1o de borlas.<\/li>\n<\/ul>\n","protected":false},"excerpt":{"rendered":"<p>El Set de palillos intercambiables Heirloom es una opci\u00f3n completa para quienes buscan variedad al tejer. Incluye una amplia gama de medidas, incluso intermedias, ideales para<span class=\"excerpt-hellip\"> [\u2026]<\/span><\/p>\n","protected":false},"featured_media":5588,"template":"","meta":[],"product_brand":[],"product_cat":[19,961],"product_tag":[],"class_list":{"0":"post-5587","1":"product","2":"type-product","3":"status-publish","4":"has-post-thumbnail","6":"product_cat-sin-categoria","7":"product_cat-lantern-moon","9":"first","10":"instock","11":"taxable","12":"shipping-taxable","13":"purchasable","14":"product-type-simple"},"_links":{"self":[{"href":"https:\/\/loskitsdelagringuita.cl\/tienda\/wp-json\/wp\/v2\/product\/5587","targetHints":{"allow":["GET"]}}],"collection":[{"href":"https:\/\/loskitsdelagringuita.cl\/tienda\/wp-json\/wp\/v2\/product"}],"about":[{"href":"https:\/\/loskitsdelagringuita.cl\/tienda\/wp-json\/wp\/v2\/types\/product"}],"wp:featuredmedia":[{"embeddable":true,"href":"https:\/\/loskitsdelagringuita.cl\/tienda\/wp-json\/wp\/v2\/media\/5588"}],"wp:attachment":[{"href":"https:\/\/loskitsdelagringuita.cl\/tienda\/wp-json\/wp\/v2\/media?parent=5587"}],"wp:term":[{"taxonomy":"product_brand","embeddable":true,"href":"https:\/\/loskitsdelagringuita.cl\/tienda\/wp-json\/wp\/v2\/product_brand?post=5587"},{"taxonomy":"product_cat","embeddable":true,"href":"https:\/\/loskitsdelagringuita.cl\/tienda\/wp-json\/wp\/v2\/product_cat?post=5587"},{"taxonomy":"product_tag","embeddable":true,"href":"https:\/\/loskitsdelagringuita.cl\/tienda\/wp-json\/wp\/v2\/product_tag?post=5587"}],"curies":[{"name":"wp","href":"https:\/\/api.w.org\/{rel}","templated":true}]}}