{"id":5579,"date":"2026-01-26T12:12:28","date_gmt":"2026-01-26T15:12:28","guid":{"rendered":"https:\/\/loskitsdelagringuita.cl\/tienda\/?post_type=product&#038;p=5579"},"modified":"2026-01-26T15:50:42","modified_gmt":"2026-01-26T18:50:42","slug":"set-de-palillos-intercambiables-charm-lantern-moon","status":"publish","type":"product","link":"https:\/\/loskitsdelagringuita.cl\/tienda\/producto\/set-de-palillos-intercambiables-charm-lantern-moon\/","title":{"rendered":"Set de Palillos Intercambiables Charm &#8211; Lantern Moon"},"content":{"rendered":"<p data-start=\"126\" data-end=\"377\">El <strong data-start=\"129\" data-end=\"170\">Set de palillos intercambiables Charm<\/strong> es una opci\u00f3n vers\u00e1til y funcional para tu d\u00eda a d\u00eda tejeril. Con una selecci\u00f3n de tama\u00f1os pr\u00e1cticos y cables m\u00e1s largos, es ideal para proyectos medianos y grandes, como chales, sweaters o mantas livianas.<\/p>\n<p data-start=\"379\" data-end=\"610\">Sus palillos de madera son firmes y agradables al tacto, mientras que los accesorios incluidos te permiten adaptar el set a distintas necesidades con facilidad. Un compa\u00f1ero confiable para tejer con calma, ritmo y mucho encanto \ud83e\uddf6\u2728<\/p>\n<h4>\u00bfQu\u00e9 Incluye?<\/h4>\n<ul>\n<li>Un juego de 5 palillos intercambiables de madera: \u00a03.0, 3.5, 4.0, 4.5, 5.0mm<\/li>\n<li>2 Cables Giratorios: 60 y 80 cm.<\/li>\n<li>4 topes de cable de madera.<\/li>\n<li>2 llaves para cables.<\/li>\n<li>5 hermosos marcadores de punto con dise\u00f1o de borlas.<\/li>\n<\/ul>\n","protected":false},"excerpt":{"rendered":"<p>El Set de palillos intercambiables Charm es una opci\u00f3n vers\u00e1til y funcional para tu d\u00eda a d\u00eda tejeril. Con una selecci\u00f3n de tama\u00f1os pr\u00e1cticos y cables<span class=\"excerpt-hellip\"> [\u2026]<\/span><\/p>\n","protected":false},"featured_media":5580,"template":"","meta":[],"product_brand":[],"product_cat":[19,961],"product_tag":[],"class_list":{"0":"post-5579","1":"product","2":"type-product","3":"status-publish","4":"has-post-thumbnail","6":"product_cat-sin-categoria","7":"product_cat-lantern-moon","9":"first","10":"instock","11":"taxable","12":"shipping-taxable","13":"purchasable","14":"product-type-simple"},"_links":{"self":[{"href":"https:\/\/loskitsdelagringuita.cl\/tienda\/wp-json\/wp\/v2\/product\/5579","targetHints":{"allow":["GET"]}}],"collection":[{"href":"https:\/\/loskitsdelagringuita.cl\/tienda\/wp-json\/wp\/v2\/product"}],"about":[{"href":"https:\/\/loskitsdelagringuita.cl\/tienda\/wp-json\/wp\/v2\/types\/product"}],"wp:featuredmedia":[{"embeddable":true,"href":"https:\/\/loskitsdelagringuita.cl\/tienda\/wp-json\/wp\/v2\/media\/5580"}],"wp:attachment":[{"href":"https:\/\/loskitsdelagringuita.cl\/tienda\/wp-json\/wp\/v2\/media?parent=5579"}],"wp:term":[{"taxonomy":"product_brand","embeddable":true,"href":"https:\/\/loskitsdelagringuita.cl\/tienda\/wp-json\/wp\/v2\/product_brand?post=5579"},{"taxonomy":"product_cat","embeddable":true,"href":"https:\/\/loskitsdelagringuita.cl\/tienda\/wp-json\/wp\/v2\/product_cat?post=5579"},{"taxonomy":"product_tag","embeddable":true,"href":"https:\/\/loskitsdelagringuita.cl\/tienda\/wp-json\/wp\/v2\/product_tag?post=5579"}],"curies":[{"name":"wp","href":"https:\/\/api.w.org\/{rel}","templated":true}]}}