{"id":5575,"date":"2026-01-26T12:10:37","date_gmt":"2026-01-26T15:10:37","guid":{"rendered":"https:\/\/loskitsdelagringuita.cl\/tienda\/?post_type=product&#038;p=5575"},"modified":"2026-01-26T15:50:56","modified_gmt":"2026-01-26T18:50:56","slug":"set-de-palillos-intercambiables-cortos-bliss-lantern-moon","status":"publish","type":"product","link":"https:\/\/loskitsdelagringuita.cl\/tienda\/producto\/set-de-palillos-intercambiables-cortos-bliss-lantern-moon\/","title":{"rendered":"Set de Palillos Intercambiables Cortos Bliss &#8211; Lantern Moon"},"content":{"rendered":"<p data-start=\"91\" data-end=\"421\">El <strong data-start=\"94\" data-end=\"158\">Set de palillos intercambiables cortos Bliss de Lantern Moon<\/strong> est\u00e1 pensado para que tejer sea un verdadero placer. Fabricados en madera suave y ligera, ofrecen un desliz perfecto y una grata sensaci\u00f3n en las manos. Su tama\u00f1o corto de 10 cm es ideal para proyectos peque\u00f1os o para quienes prefieren mayor comodidad al tejer.<\/p>\n<p data-start=\"423\" data-end=\"680\">Viene presentado en un elegante estuche de seda color ar\u00e1ndano y contiene todo lo necesario para acompa\u00f1arte en tus proyectos, desde cables giratorios hasta delicados marcadores de punto. Un set pr\u00e1ctico, bonito y funcional que suma alegr\u00eda a cada puntada \u2728<\/p>\n<p><strong>\u00bfQu\u00e9 Incluye?<\/strong><\/p>\n<ul>\n<li>Un juego de 7 palillos intercambiables de madera de 10 cm: \u00a03,0, 3,5, 4,0, 4,5, 5,0, 5,5 y 6,0 mm<\/li>\n<li>2 Cables Giratorios: 40 y 50 cm.<\/li>\n<li>4 topes de cable de madera.<\/li>\n<li>2 llaves para cables.<\/li>\n<li>5 hermosos marcadores de punto con dise\u00f1o de borlas.<\/li>\n<\/ul>\n","protected":false},"excerpt":{"rendered":"<p>El Set de palillos intercambiables cortos Bliss de Lantern Moon est\u00e1 pensado para que tejer sea un verdadero placer. Fabricados en madera suave y ligera, ofrecen<span class=\"excerpt-hellip\"> [\u2026]<\/span><\/p>\n","protected":false},"featured_media":5576,"template":"","meta":[],"product_brand":[],"product_cat":[19,961],"product_tag":[],"class_list":{"0":"post-5575","1":"product","2":"type-product","3":"status-publish","4":"has-post-thumbnail","6":"product_cat-sin-categoria","7":"product_cat-lantern-moon","9":"first","10":"instock","11":"taxable","12":"shipping-taxable","13":"purchasable","14":"product-type-simple"},"_links":{"self":[{"href":"https:\/\/loskitsdelagringuita.cl\/tienda\/wp-json\/wp\/v2\/product\/5575","targetHints":{"allow":["GET"]}}],"collection":[{"href":"https:\/\/loskitsdelagringuita.cl\/tienda\/wp-json\/wp\/v2\/product"}],"about":[{"href":"https:\/\/loskitsdelagringuita.cl\/tienda\/wp-json\/wp\/v2\/types\/product"}],"wp:featuredmedia":[{"embeddable":true,"href":"https:\/\/loskitsdelagringuita.cl\/tienda\/wp-json\/wp\/v2\/media\/5576"}],"wp:attachment":[{"href":"https:\/\/loskitsdelagringuita.cl\/tienda\/wp-json\/wp\/v2\/media?parent=5575"}],"wp:term":[{"taxonomy":"product_brand","embeddable":true,"href":"https:\/\/loskitsdelagringuita.cl\/tienda\/wp-json\/wp\/v2\/product_brand?post=5575"},{"taxonomy":"product_cat","embeddable":true,"href":"https:\/\/loskitsdelagringuita.cl\/tienda\/wp-json\/wp\/v2\/product_cat?post=5575"},{"taxonomy":"product_tag","embeddable":true,"href":"https:\/\/loskitsdelagringuita.cl\/tienda\/wp-json\/wp\/v2\/product_tag?post=5575"}],"curies":[{"name":"wp","href":"https:\/\/api.w.org\/{rel}","templated":true}]}}