{"id":5545,"date":"2026-01-26T12:07:07","date_gmt":"2026-01-26T15:07:07","guid":{"rendered":"https:\/\/loskitsdelagringuita.cl\/tienda\/?post_type=product&#038;p=5545"},"modified":"2026-01-26T15:51:26","modified_gmt":"2026-01-26T18:51:26","slug":"palillos-fijos-ergonomics-80-cm-prym","status":"publish","type":"product","link":"https:\/\/loskitsdelagringuita.cl\/tienda\/producto\/palillos-fijos-ergonomics-80-cm-prym\/","title":{"rendered":"Palillos Fijos Ergonomics 80 cm &#8211; Prym"},"content":{"rendered":"<p data-start=\"0\" data-end=\"328\">Los <strong data-start=\"4\" data-end=\"48\">palillos circulares ergon\u00f3micos de Prym son de 80 cm<\/strong> y est\u00e1n fabricados en <strong data-start=\"69\" data-end=\"111\">material sint\u00e9tico de buena calidad<\/strong>, dise\u00f1ados para ofrecer comodidad y control durante el tejido. Sus <strong data-start=\"179\" data-end=\"206\">puntas en forma de gota<\/strong> y la <strong data-start=\"212\" data-end=\"258\">transici\u00f3n de secci\u00f3n redonda a triangular<\/strong> favorecen una sujeci\u00f3n m\u00e1s natural y reducen la tensi\u00f3n en las manos.<\/p>\n<p data-start=\"330\" data-end=\"537\" data-is-last-node=\"\" data-is-only-node=\"\">Incorporan un <strong data-start=\"344\" data-end=\"378\">cord\u00f3n de acero fino y estable<\/strong>, sin efecto espiral, que permite un tejido fluido y mantiene el cable siempre en su lugar. Una opci\u00f3n pensada para tejer con mayor comodidad y precisi\u00f3n. \ud83e\uddf6\ud83e\udd0d<\/p>\n","protected":false},"excerpt":{"rendered":"<p>Los palillos circulares ergon\u00f3micos de Prym son de 80 cm y est\u00e1n fabricados en material sint\u00e9tico de buena calidad, dise\u00f1ados para ofrecer comodidad y control durante<span class=\"excerpt-hellip\"> [\u2026]<\/span><\/p>\n","protected":false},"featured_media":5546,"template":"","meta":[],"product_brand":[],"product_cat":[19,70],"product_tag":[],"class_list":{"0":"post-5545","1":"product","2":"type-product","3":"status-publish","4":"has-post-thumbnail","6":"product_cat-sin-categoria","7":"product_cat-otras-marcas","9":"first","10":"instock","11":"taxable","12":"shipping-taxable","13":"purchasable","14":"product-type-variable"},"_links":{"self":[{"href":"https:\/\/loskitsdelagringuita.cl\/tienda\/wp-json\/wp\/v2\/product\/5545","targetHints":{"allow":["GET"]}}],"collection":[{"href":"https:\/\/loskitsdelagringuita.cl\/tienda\/wp-json\/wp\/v2\/product"}],"about":[{"href":"https:\/\/loskitsdelagringuita.cl\/tienda\/wp-json\/wp\/v2\/types\/product"}],"wp:featuredmedia":[{"embeddable":true,"href":"https:\/\/loskitsdelagringuita.cl\/tienda\/wp-json\/wp\/v2\/media\/5546"}],"wp:attachment":[{"href":"https:\/\/loskitsdelagringuita.cl\/tienda\/wp-json\/wp\/v2\/media?parent=5545"}],"wp:term":[{"taxonomy":"product_brand","embeddable":true,"href":"https:\/\/loskitsdelagringuita.cl\/tienda\/wp-json\/wp\/v2\/product_brand?post=5545"},{"taxonomy":"product_cat","embeddable":true,"href":"https:\/\/loskitsdelagringuita.cl\/tienda\/wp-json\/wp\/v2\/product_cat?post=5545"},{"taxonomy":"product_tag","embeddable":true,"href":"https:\/\/loskitsdelagringuita.cl\/tienda\/wp-json\/wp\/v2\/product_tag?post=5545"}],"curies":[{"name":"wp","href":"https:\/\/api.w.org\/{rel}","templated":true}]}}