{"id":5504,"date":"2026-01-22T17:02:37","date_gmt":"2026-01-22T20:02:37","guid":{"rendered":"https:\/\/loskitsdelagringuita.cl\/tienda\/?post_type=product&#038;p=5504"},"modified":"2026-01-26T15:53:01","modified_gmt":"2026-01-26T18:53:01","slug":"palillos-intercambiables-lantern-moon-13-cm-lantern-moon","status":"publish","type":"product","link":"https:\/\/loskitsdelagringuita.cl\/tienda\/producto\/palillos-intercambiables-lantern-moon-13-cm-lantern-moon\/","title":{"rendered":"Palillos Intercambiables Lantern Moon 13 cm &#8211; Lantern Moon"},"content":{"rendered":"<p data-start=\"0\" data-end=\"342\">Los <strong data-start=\"4\" data-end=\"56\">Palillos Circulares Intercambiables Lantern Moon<\/strong> est\u00e1n fabricados en <strong data-start=\"77\" data-end=\"96\">madera de \u00e9bano<\/strong>, un material valioso y duradero. Su <strong data-start=\"133\" data-end=\"160\">acabado de seda l\u00edquida<\/strong>, junto al conector de lat\u00f3n con <strong data-start=\"193\" data-end=\"215\">terminaci\u00f3n en 24K<\/strong>, permite un tejido suave y sin enganches. Gracias a su <strong data-start=\"271\" data-end=\"287\">peso liviano<\/strong>, ofrecen comodidad para tejer durante largos per\u00edodos.<\/p>\n<p data-start=\"344\" data-end=\"576\">El <strong data-start=\"347\" data-end=\"365\">cable flexible<\/strong> se mantiene plano y no se retuerce gracias a su <strong data-start=\"414\" data-end=\"436\">conector giratorio<\/strong>, facilitando tanto el uso como el almacenamiento. Las <strong data-start=\"491\" data-end=\"524\">puntas cuidadosamente pulidas<\/strong> funcionan de forma adecuada con todo tipo de hilos.<\/p>\n<p data-start=\"578\" data-end=\"598\"><strong data-start=\"578\" data-end=\"596\">Ficha T\u00e9cnica:<\/strong><\/p>\n<ul data-start=\"599\" data-end=\"737\" data-is-last-node=\"\" data-is-only-node=\"\">\n<li data-start=\"599\" data-end=\"640\">\n<p data-start=\"601\" data-end=\"640\">Tipo: Palillo circular intercambiable<\/p>\n<\/li>\n<li data-start=\"641\" data-end=\"670\">\n<p data-start=\"643\" data-end=\"670\">Material: Madera de \u00e9bano<\/p>\n<\/li>\n<li data-start=\"712\" data-end=\"737\" data-is-last-node=\"\">\n<p data-start=\"714\" data-end=\"737\" data-is-last-node=\"\">Fabricaci\u00f3n: India \ud83e\uddf6<\/p>\n<\/li>\n<\/ul>\n","protected":false},"excerpt":{"rendered":"<p>Los Palillos Circulares Intercambiables Lantern Moon est\u00e1n fabricados en madera de \u00e9bano, un material valioso y duradero. Su acabado de seda l\u00edquida, junto al conector de<span class=\"excerpt-hellip\"> [\u2026]<\/span><\/p>\n","protected":false},"featured_media":5505,"template":"","meta":[],"product_brand":[],"product_cat":[19,961],"product_tag":[],"class_list":{"0":"post-5504","1":"product","2":"type-product","3":"status-publish","4":"has-post-thumbnail","6":"product_cat-sin-categoria","7":"product_cat-lantern-moon","9":"first","10":"instock","11":"taxable","12":"shipping-taxable","13":"purchasable","14":"product-type-variable"},"_links":{"self":[{"href":"https:\/\/loskitsdelagringuita.cl\/tienda\/wp-json\/wp\/v2\/product\/5504","targetHints":{"allow":["GET"]}}],"collection":[{"href":"https:\/\/loskitsdelagringuita.cl\/tienda\/wp-json\/wp\/v2\/product"}],"about":[{"href":"https:\/\/loskitsdelagringuita.cl\/tienda\/wp-json\/wp\/v2\/types\/product"}],"wp:featuredmedia":[{"embeddable":true,"href":"https:\/\/loskitsdelagringuita.cl\/tienda\/wp-json\/wp\/v2\/media\/5505"}],"wp:attachment":[{"href":"https:\/\/loskitsdelagringuita.cl\/tienda\/wp-json\/wp\/v2\/media?parent=5504"}],"wp:term":[{"taxonomy":"product_brand","embeddable":true,"href":"https:\/\/loskitsdelagringuita.cl\/tienda\/wp-json\/wp\/v2\/product_brand?post=5504"},{"taxonomy":"product_cat","embeddable":true,"href":"https:\/\/loskitsdelagringuita.cl\/tienda\/wp-json\/wp\/v2\/product_cat?post=5504"},{"taxonomy":"product_tag","embeddable":true,"href":"https:\/\/loskitsdelagringuita.cl\/tienda\/wp-json\/wp\/v2\/product_tag?post=5504"}],"curies":[{"name":"wp","href":"https:\/\/api.w.org\/{rel}","templated":true}]}}