{"id":5490,"date":"2026-01-22T14:40:42","date_gmt":"2026-01-22T17:40:42","guid":{"rendered":"https:\/\/loskitsdelagringuita.cl\/tienda\/?post_type=product&#038;p=5490"},"modified":"2026-01-26T15:53:09","modified_gmt":"2026-01-26T18:53:09","slug":"palillos-intercambiables-lantern-moon-10-cm-lantern-moon","status":"publish","type":"product","link":"https:\/\/loskitsdelagringuita.cl\/tienda\/producto\/palillos-intercambiables-lantern-moon-10-cm-lantern-moon\/","title":{"rendered":"Palillos Intercambiables Lantern Moon 10 cm &#8211; Lantern Moon"},"content":{"rendered":"<p data-start=\"0\" data-end=\"345\">Estos palillos est\u00e1n hechos en <strong data-start=\"73\" data-end=\"92\">madera de \u00e9bano<\/strong>, un material que combina elegancia y durabilidad. Su <strong data-start=\"154\" data-end=\"181\">acabado de seda l\u00edquida <\/strong>y el conector de lat\u00f3n con <strong data-start=\"209\" data-end=\"227\">detalle en 24K<\/strong> permiten un tejido suave y sin enganches, mientras que su <strong data-start=\"286\" data-end=\"302\">peso liviano<\/strong> facilita horas de trabajo sin cansancio.<\/p>\n<p data-start=\"347\" data-end=\"555\">El <strong data-start=\"350\" data-end=\"368\">cable flexible<\/strong> se mantiene plano y libre de torsiones gracias a su conector giratorio (360<strong data-start=\"29\" data-end=\"34\">\u00b0<\/strong>), y las <strong data-start=\"447\" data-end=\"465\">puntas pulidas<\/strong> funcionan bien con todo tipo de hilo, ofreciendo comodidad y precisi\u00f3n en cada puntada.<\/p>\n<p data-start=\"557\" data-end=\"577\"><strong data-start=\"557\" data-end=\"575\">Ficha T\u00e9cnica:<\/strong><\/p>\n<ul data-start=\"578\" data-end=\"715\" data-is-last-node=\"\" data-is-only-node=\"\">\n<li data-start=\"578\" data-end=\"619\">\n<p data-start=\"580\" data-end=\"619\">Tipo: Palillo circular intercambiable<\/p>\n<\/li>\n<li data-start=\"620\" data-end=\"649\">\n<p data-start=\"622\" data-end=\"649\">Material: Madera de \u00e9bano<\/p>\n<\/li>\n<li data-start=\"690\" data-end=\"715\" data-is-last-node=\"\">\n<p data-start=\"692\" data-end=\"715\" data-is-last-node=\"\">Fabricaci\u00f3n: India \ud83e\uddf6\ud83e\udd0d<\/p>\n<\/li>\n<\/ul>\n","protected":false},"excerpt":{"rendered":"<p>Estos palillos est\u00e1n hechos en madera de \u00e9bano, un material que combina elegancia y durabilidad. Su acabado de seda l\u00edquida y el conector de lat\u00f3n con<span class=\"excerpt-hellip\"> [\u2026]<\/span><\/p>\n","protected":false},"featured_media":5491,"template":"","meta":[],"product_brand":[],"product_cat":[19,961],"product_tag":[],"class_list":{"0":"post-5490","1":"product","2":"type-product","3":"status-publish","4":"has-post-thumbnail","6":"product_cat-sin-categoria","7":"product_cat-lantern-moon","9":"first","10":"instock","11":"taxable","12":"shipping-taxable","13":"purchasable","14":"product-type-variable"},"_links":{"self":[{"href":"https:\/\/loskitsdelagringuita.cl\/tienda\/wp-json\/wp\/v2\/product\/5490","targetHints":{"allow":["GET"]}}],"collection":[{"href":"https:\/\/loskitsdelagringuita.cl\/tienda\/wp-json\/wp\/v2\/product"}],"about":[{"href":"https:\/\/loskitsdelagringuita.cl\/tienda\/wp-json\/wp\/v2\/types\/product"}],"wp:featuredmedia":[{"embeddable":true,"href":"https:\/\/loskitsdelagringuita.cl\/tienda\/wp-json\/wp\/v2\/media\/5491"}],"wp:attachment":[{"href":"https:\/\/loskitsdelagringuita.cl\/tienda\/wp-json\/wp\/v2\/media?parent=5490"}],"wp:term":[{"taxonomy":"product_brand","embeddable":true,"href":"https:\/\/loskitsdelagringuita.cl\/tienda\/wp-json\/wp\/v2\/product_brand?post=5490"},{"taxonomy":"product_cat","embeddable":true,"href":"https:\/\/loskitsdelagringuita.cl\/tienda\/wp-json\/wp\/v2\/product_cat?post=5490"},{"taxonomy":"product_tag","embeddable":true,"href":"https:\/\/loskitsdelagringuita.cl\/tienda\/wp-json\/wp\/v2\/product_tag?post=5490"}],"curies":[{"name":"wp","href":"https:\/\/api.w.org\/{rel}","templated":true}]}}