{"id":5477,"date":"2026-01-22T14:26:31","date_gmt":"2026-01-22T17:26:31","guid":{"rendered":"https:\/\/loskitsdelagringuita.cl\/tienda\/?post_type=product&#038;p=5477"},"modified":"2026-01-26T15:53:25","modified_gmt":"2026-01-26T18:53:25","slug":"palillos-fijos-zing-60-cm-knitpro","status":"publish","type":"product","link":"https:\/\/loskitsdelagringuita.cl\/tienda\/producto\/palillos-fijos-zing-60-cm-knitpro\/","title":{"rendered":"Palillos Fijos Zing 60 cm &#8211; KnitPro"},"content":{"rendered":"<p>Estos palillos combinan practicidad y diversi\u00f3n para tus proyectos de tejido. Cada medida tiene un <strong data-start=\"140\" data-end=\"155\">color \u00fanico<\/strong>, lo que facilita identificarlos r\u00e1pidamente, y sus <strong data-start=\"207\" data-end=\"228\">puntas brillantes<\/strong> permiten visualizarlas con facilidad sobre cualquier superficie. La <strong data-start=\"297\" data-end=\"316\">superficie lisa<\/strong> asegura un deslizamiento suave del hilo, mientras que el <strong data-start=\"374\" data-end=\"405\">cable flexible y resistente<\/strong> ofrece comodidad durante el tejido.<\/p>\n<p data-start=\"445\" data-end=\"465\"><strong data-start=\"445\" data-end=\"463\">Ficha T\u00e9cnica:<\/strong><\/p>\n<ul data-start=\"466\" data-end=\"672\" data-is-last-node=\"\" data-is-only-node=\"\">\n<li data-start=\"466\" data-end=\"497\">\n<p data-start=\"468\" data-end=\"497\">Tipo: Palillo circular fijo<\/p>\n<\/li>\n<li data-start=\"498\" data-end=\"541\">\n<p data-start=\"500\" data-end=\"541\">Longitud total (palillo + cable): 60 cm<\/p>\n<\/li>\n<li data-start=\"542\" data-end=\"606\">\n<p data-start=\"544\" data-end=\"606\">Material: Aluminio ligero de diversos colores<\/p>\n<\/li>\n<li data-start=\"647\" data-end=\"672\" data-is-last-node=\"\">\n<p data-start=\"649\" data-end=\"672\" data-is-last-node=\"\">Fabricaci\u00f3n: India \ud83e\uddf6\ud83e\udd0d<\/p>\n<\/li>\n<\/ul>\n","protected":false},"excerpt":{"rendered":"<p>Estos palillos combinan practicidad y diversi\u00f3n para tus proyectos de tejido. Cada medida tiene un color \u00fanico, lo que facilita identificarlos r\u00e1pidamente, y sus puntas brillantes<span class=\"excerpt-hellip\"> [\u2026]<\/span><\/p>\n","protected":false},"featured_media":5737,"template":"","meta":[],"product_brand":[],"product_cat":[19,69],"product_tag":[],"class_list":{"0":"post-5477","1":"product","2":"type-product","3":"status-publish","4":"has-post-thumbnail","6":"product_cat-sin-categoria","7":"product_cat-knit-pro","9":"first","10":"instock","11":"taxable","12":"shipping-taxable","13":"purchasable","14":"product-type-variable"},"_links":{"self":[{"href":"https:\/\/loskitsdelagringuita.cl\/tienda\/wp-json\/wp\/v2\/product\/5477","targetHints":{"allow":["GET"]}}],"collection":[{"href":"https:\/\/loskitsdelagringuita.cl\/tienda\/wp-json\/wp\/v2\/product"}],"about":[{"href":"https:\/\/loskitsdelagringuita.cl\/tienda\/wp-json\/wp\/v2\/types\/product"}],"wp:featuredmedia":[{"embeddable":true,"href":"https:\/\/loskitsdelagringuita.cl\/tienda\/wp-json\/wp\/v2\/media\/5737"}],"wp:attachment":[{"href":"https:\/\/loskitsdelagringuita.cl\/tienda\/wp-json\/wp\/v2\/media?parent=5477"}],"wp:term":[{"taxonomy":"product_brand","embeddable":true,"href":"https:\/\/loskitsdelagringuita.cl\/tienda\/wp-json\/wp\/v2\/product_brand?post=5477"},{"taxonomy":"product_cat","embeddable":true,"href":"https:\/\/loskitsdelagringuita.cl\/tienda\/wp-json\/wp\/v2\/product_cat?post=5477"},{"taxonomy":"product_tag","embeddable":true,"href":"https:\/\/loskitsdelagringuita.cl\/tienda\/wp-json\/wp\/v2\/product_tag?post=5477"}],"curies":[{"name":"wp","href":"https:\/\/api.w.org\/{rel}","templated":true}]}}