{"id":5446,"date":"2026-01-22T13:16:41","date_gmt":"2026-01-22T16:16:41","guid":{"rendered":"https:\/\/loskitsdelagringuita.cl\/tienda\/?post_type=product&#038;p=5446"},"modified":"2026-01-26T15:53:53","modified_gmt":"2026-01-26T18:53:53","slug":"palillos-fijos-lantern-moon-80-cm-lantern-moon","status":"publish","type":"product","link":"https:\/\/loskitsdelagringuita.cl\/tienda\/producto\/palillos-fijos-lantern-moon-80-cm-lantern-moon\/","title":{"rendered":"Palillos Fijos Lantern Moon 80 cm &#8211; Lantern Moon"},"content":{"rendered":"<p data-start=\"0\" data-end=\"475\">Los <strong data-start=\"4\" data-end=\"46\">Palillos Circulares Fijos Lantern Moon<\/strong> combinan elegancia y funcionalidad para un tejido c\u00f3modo y fluido. Sus puntas est\u00e1n hechas de <strong data-start=\"141\" data-end=\"150\">\u00e9bano<\/strong>, una madera valiosa y duradera, y cuentan con un <strong data-start=\"200\" data-end=\"227\">acabado de seda l\u00edquida<\/strong>, mientras que el conector de lat\u00f3n con <strong data-start=\"267\" data-end=\"286\">detalles en 24K<\/strong> asegura un deslizamiento uniforme del hilo sin enganches. El cable liso evita torsiones y se mantiene plano al guardar los palillos, y su ligereza permite tejer durante horas sin fatiga.<\/p>\n<p data-start=\"477\" data-end=\"497\"><strong data-start=\"477\" data-end=\"495\">Ficha T\u00e9cnica:<\/strong><\/p>\n<ul data-start=\"498\" data-end=\"670\" data-is-last-node=\"\" data-is-only-node=\"\">\n<li data-start=\"498\" data-end=\"529\">\n<p data-start=\"500\" data-end=\"529\">Tipo: Palillo circular fijo<\/p>\n<\/li>\n<li data-start=\"530\" data-end=\"573\">\n<p data-start=\"532\" data-end=\"573\">Longitud total (palillo + cable): 80 cm<\/p>\n<\/li>\n<li data-start=\"574\" data-end=\"603\">\n<p data-start=\"576\" data-end=\"603\">Material: Madera de \u00e9bano<\/p>\n<\/li>\n<li data-start=\"645\" data-end=\"670\" data-is-last-node=\"\">\n<p data-start=\"647\" data-end=\"670\" data-is-last-node=\"\">Fabricaci\u00f3n: India \ud83e\uddf6\ud83e\udd0d<\/p>\n<\/li>\n<\/ul>\n","protected":false},"excerpt":{"rendered":"<p>Los Palillos Circulares Fijos Lantern Moon combinan elegancia y funcionalidad para un tejido c\u00f3modo y fluido. Sus puntas est\u00e1n hechas de \u00e9bano, una madera valiosa y<span class=\"excerpt-hellip\"> [\u2026]<\/span><\/p>\n","protected":false},"featured_media":5447,"template":"","meta":[],"product_brand":[],"product_cat":[19,961],"product_tag":[],"class_list":{"0":"post-5446","1":"product","2":"type-product","3":"status-publish","4":"has-post-thumbnail","6":"product_cat-sin-categoria","7":"product_cat-lantern-moon","9":"first","10":"instock","11":"taxable","12":"shipping-taxable","13":"purchasable","14":"product-type-variable"},"_links":{"self":[{"href":"https:\/\/loskitsdelagringuita.cl\/tienda\/wp-json\/wp\/v2\/product\/5446","targetHints":{"allow":["GET"]}}],"collection":[{"href":"https:\/\/loskitsdelagringuita.cl\/tienda\/wp-json\/wp\/v2\/product"}],"about":[{"href":"https:\/\/loskitsdelagringuita.cl\/tienda\/wp-json\/wp\/v2\/types\/product"}],"wp:featuredmedia":[{"embeddable":true,"href":"https:\/\/loskitsdelagringuita.cl\/tienda\/wp-json\/wp\/v2\/media\/5447"}],"wp:attachment":[{"href":"https:\/\/loskitsdelagringuita.cl\/tienda\/wp-json\/wp\/v2\/media?parent=5446"}],"wp:term":[{"taxonomy":"product_brand","embeddable":true,"href":"https:\/\/loskitsdelagringuita.cl\/tienda\/wp-json\/wp\/v2\/product_brand?post=5446"},{"taxonomy":"product_cat","embeddable":true,"href":"https:\/\/loskitsdelagringuita.cl\/tienda\/wp-json\/wp\/v2\/product_cat?post=5446"},{"taxonomy":"product_tag","embeddable":true,"href":"https:\/\/loskitsdelagringuita.cl\/tienda\/wp-json\/wp\/v2\/product_tag?post=5446"}],"curies":[{"name":"wp","href":"https:\/\/api.w.org\/{rel}","templated":true}]}}