{"id":5416,"date":"2026-01-22T12:35:53","date_gmt":"2026-01-22T15:35:53","guid":{"rendered":"https:\/\/loskitsdelagringuita.cl\/tienda\/?post_type=product&#038;p=5416"},"modified":"2026-01-26T15:54:27","modified_gmt":"2026-01-26T18:54:27","slug":"palillos-fijos-basix-80-cm-modista","status":"publish","type":"product","link":"https:\/\/loskitsdelagringuita.cl\/tienda\/producto\/palillos-fijos-basix-80-cm-modista\/","title":{"rendered":"Palillos Fijos Basix 80 cm &#8211; Modista"},"content":{"rendered":"<p data-start=\"0\" data-end=\"264\">Estos palillos est\u00e1n dise\u00f1ados para tejer de forma c\u00f3moda y pr\u00e1ctica. Est\u00e1n fabricados en <strong data-start=\"165\" data-end=\"177\">aluminio<\/strong> y cuentan con una <strong data-start=\"196\" data-end=\"231\">uni\u00f3n suave y un cable flexible<\/strong> que facilita el tejido continuo.<\/p>\n<p data-start=\"266\" data-end=\"526\" data-is-last-node=\"\" data-is-only-node=\"\">Su superficie permite un deslizamiento parejo del hilo, ayudando a trabajar sin interrupciones. Con una propuesta funcional y una buena relaci\u00f3n precio\u2013calidad, estos palillos son una alternativa adecuada para distintos proyectos de tejido creativo.\ud83e\udd0d<\/p>\n","protected":false},"excerpt":{"rendered":"<p>Estos palillos est\u00e1n dise\u00f1ados para tejer de forma c\u00f3moda y pr\u00e1ctica. Est\u00e1n fabricados en aluminio y cuentan con una uni\u00f3n suave y un cable flexible que<span class=\"excerpt-hellip\"> [\u2026]<\/span><\/p>\n","protected":false},"featured_media":5417,"template":"","meta":[],"product_brand":[],"product_cat":[19,808],"product_tag":[],"class_list":{"0":"post-5416","1":"product","2":"type-product","3":"status-publish","4":"has-post-thumbnail","6":"product_cat-sin-categoria","7":"product_cat-modista","9":"first","10":"instock","11":"taxable","12":"shipping-taxable","13":"purchasable","14":"product-type-variable"},"_links":{"self":[{"href":"https:\/\/loskitsdelagringuita.cl\/tienda\/wp-json\/wp\/v2\/product\/5416","targetHints":{"allow":["GET"]}}],"collection":[{"href":"https:\/\/loskitsdelagringuita.cl\/tienda\/wp-json\/wp\/v2\/product"}],"about":[{"href":"https:\/\/loskitsdelagringuita.cl\/tienda\/wp-json\/wp\/v2\/types\/product"}],"wp:featuredmedia":[{"embeddable":true,"href":"https:\/\/loskitsdelagringuita.cl\/tienda\/wp-json\/wp\/v2\/media\/5417"}],"wp:attachment":[{"href":"https:\/\/loskitsdelagringuita.cl\/tienda\/wp-json\/wp\/v2\/media?parent=5416"}],"wp:term":[{"taxonomy":"product_brand","embeddable":true,"href":"https:\/\/loskitsdelagringuita.cl\/tienda\/wp-json\/wp\/v2\/product_brand?post=5416"},{"taxonomy":"product_cat","embeddable":true,"href":"https:\/\/loskitsdelagringuita.cl\/tienda\/wp-json\/wp\/v2\/product_cat?post=5416"},{"taxonomy":"product_tag","embeddable":true,"href":"https:\/\/loskitsdelagringuita.cl\/tienda\/wp-json\/wp\/v2\/product_tag?post=5416"}],"curies":[{"name":"wp","href":"https:\/\/api.w.org\/{rel}","templated":true}]}}