{"id":5404,"date":"2026-01-22T12:08:49","date_gmt":"2026-01-22T15:08:49","guid":{"rendered":"https:\/\/loskitsdelagringuita.cl\/tienda\/?post_type=product&#038;p=5404"},"modified":"2026-01-26T15:54:46","modified_gmt":"2026-01-26T18:54:46","slug":"palillos-doble-punta-dreamz-15-cm-knitpro","status":"publish","type":"product","link":"https:\/\/loskitsdelagringuita.cl\/tienda\/producto\/palillos-doble-punta-dreamz-15-cm-knitpro\/","title":{"rendered":"Palillos Doble Punta Dreamz 15 cm &#8211; KnitPro"},"content":{"rendered":"<p>Disfruta cada punto con el set de <strong data-start=\"7\" data-end=\"60\">5 palillos doble punta Dreamz de 15 cm de KnitPro<\/strong>, ideales para tejer en circular sin costuras. Su tama\u00f1o es perfecto para calcetines, pu\u00f1os y peque\u00f1as circunferencias, ofreciendo mayor comodidad que los palillos largos. Fabricados en <strong data-start=\"246\" data-end=\"265\">madera Symfonie<\/strong>, son ligeros, resistentes y de tacto c\u00e1lido, con una superficie pulida que permite que el hilo se deslice suavemente. \ud83e\uddf6<\/p>\n<p>Adem\u00e1s, cada n\u00famero tiene su respectivo color!<\/p>\n","protected":false},"excerpt":{"rendered":"<p>Disfruta cada punto con el set de 5 palillos doble punta Dreamz de 15 cm de KnitPro, ideales para tejer en circular sin costuras. Su tama\u00f1o<span class=\"excerpt-hellip\"> [\u2026]<\/span><\/p>\n","protected":false},"featured_media":5405,"template":"","meta":[],"product_brand":[],"product_cat":[19,69],"product_tag":[],"class_list":{"0":"post-5404","1":"product","2":"type-product","3":"status-publish","4":"has-post-thumbnail","6":"product_cat-sin-categoria","7":"product_cat-knit-pro","9":"first","10":"outofstock","11":"taxable","12":"shipping-taxable","13":"purchasable","14":"product-type-variable"},"_links":{"self":[{"href":"https:\/\/loskitsdelagringuita.cl\/tienda\/wp-json\/wp\/v2\/product\/5404","targetHints":{"allow":["GET"]}}],"collection":[{"href":"https:\/\/loskitsdelagringuita.cl\/tienda\/wp-json\/wp\/v2\/product"}],"about":[{"href":"https:\/\/loskitsdelagringuita.cl\/tienda\/wp-json\/wp\/v2\/types\/product"}],"wp:featuredmedia":[{"embeddable":true,"href":"https:\/\/loskitsdelagringuita.cl\/tienda\/wp-json\/wp\/v2\/media\/5405"}],"wp:attachment":[{"href":"https:\/\/loskitsdelagringuita.cl\/tienda\/wp-json\/wp\/v2\/media?parent=5404"}],"wp:term":[{"taxonomy":"product_brand","embeddable":true,"href":"https:\/\/loskitsdelagringuita.cl\/tienda\/wp-json\/wp\/v2\/product_brand?post=5404"},{"taxonomy":"product_cat","embeddable":true,"href":"https:\/\/loskitsdelagringuita.cl\/tienda\/wp-json\/wp\/v2\/product_cat?post=5404"},{"taxonomy":"product_tag","embeddable":true,"href":"https:\/\/loskitsdelagringuita.cl\/tienda\/wp-json\/wp\/v2\/product_tag?post=5404"}],"curies":[{"name":"wp","href":"https:\/\/api.w.org\/{rel}","templated":true}]}}