{"id":5300,"date":"2026-01-21T10:50:51","date_gmt":"2026-01-21T13:50:51","guid":{"rendered":"https:\/\/loskitsdelagringuita.cl\/tienda\/?post_type=product&#038;p=5300"},"modified":"2026-01-26T15:57:51","modified_gmt":"2026-01-26T18:57:51","slug":"cinta-metrica-retractil-oveja-lantern-moon","status":"publish","type":"product","link":"https:\/\/loskitsdelagringuita.cl\/tienda\/producto\/cinta-metrica-retractil-oveja-lantern-moon\/","title":{"rendered":"Cinta M\u00e9trica retr\u00e1ctil Oveja &#8211; Lantern Moon"},"content":{"rendered":"<p>Estas hermosas y tiernas <b>cintas m\u00e9tricas<\/b><a href=\"https:\/\/www.modista.cl\/collections\/cinta-metrica\">\u00a0<\/a>de oveja de la l\u00ednea Lastren Moon<strong>,<\/strong> son perfectas para los amantes del tejido y vienen en una variedad de colores naturales!!! Las medidas m\u00e9tricas e inglesas se muestran en lados opuestos de una medida retr\u00e1ctil de 152 cm de largo.<\/p>\n","protected":false},"excerpt":{"rendered":"<p>Estas hermosas y tiernas cintas m\u00e9tricas\u00a0de oveja de la l\u00ednea Lastren Moon, son perfectas para los amantes del tejido y vienen en una variedad de colores<span class=\"excerpt-hellip\"> [\u2026]<\/span><\/p>\n","protected":false},"featured_media":5302,"template":"","meta":[],"product_brand":[],"product_cat":[19,961],"product_tag":[],"class_list":{"0":"post-5300","1":"product","2":"type-product","3":"status-publish","4":"has-post-thumbnail","6":"product_cat-sin-categoria","7":"product_cat-lantern-moon","9":"first","10":"instock","11":"taxable","12":"shipping-taxable","13":"purchasable","14":"product-type-variable"},"_links":{"self":[{"href":"https:\/\/loskitsdelagringuita.cl\/tienda\/wp-json\/wp\/v2\/product\/5300","targetHints":{"allow":["GET"]}}],"collection":[{"href":"https:\/\/loskitsdelagringuita.cl\/tienda\/wp-json\/wp\/v2\/product"}],"about":[{"href":"https:\/\/loskitsdelagringuita.cl\/tienda\/wp-json\/wp\/v2\/types\/product"}],"wp:featuredmedia":[{"embeddable":true,"href":"https:\/\/loskitsdelagringuita.cl\/tienda\/wp-json\/wp\/v2\/media\/5302"}],"wp:attachment":[{"href":"https:\/\/loskitsdelagringuita.cl\/tienda\/wp-json\/wp\/v2\/media?parent=5300"}],"wp:term":[{"taxonomy":"product_brand","embeddable":true,"href":"https:\/\/loskitsdelagringuita.cl\/tienda\/wp-json\/wp\/v2\/product_brand?post=5300"},{"taxonomy":"product_cat","embeddable":true,"href":"https:\/\/loskitsdelagringuita.cl\/tienda\/wp-json\/wp\/v2\/product_cat?post=5300"},{"taxonomy":"product_tag","embeddable":true,"href":"https:\/\/loskitsdelagringuita.cl\/tienda\/wp-json\/wp\/v2\/product_tag?post=5300"}],"curies":[{"name":"wp","href":"https:\/\/api.w.org\/{rel}","templated":true}]}}