{"id":5298,"date":"2026-01-21T10:44:53","date_gmt":"2026-01-21T13:44:53","guid":{"rendered":"https:\/\/loskitsdelagringuita.cl\/tienda\/?post_type=product&#038;p=5298"},"modified":"2026-01-26T15:57:59","modified_gmt":"2026-01-26T18:57:59","slug":"calibrador-de-agujas-y-regla-knitpro","status":"publish","type":"product","link":"https:\/\/loskitsdelagringuita.cl\/tienda\/producto\/calibrador-de-agujas-y-regla-knitpro\/","title":{"rendered":"Calibrador de agujas y Regla &#8211; KnitPro"},"content":{"rendered":"<p data-start=\"125\" data-end=\"411\">Esta herramienta destaca por su <strong data-start=\"206\" data-end=\"229\" data-is-only-node=\"\">doble funcionalidad<\/strong>, ya que permite <strong data-start=\"246\" data-end=\"295\">medir con precisi\u00f3n el grosor de tus palillos<\/strong> y, adem\u00e1s, cuenta con <strong data-start=\"318\" data-end=\"347\">graduaci\u00f3n en cent\u00edmetros<\/strong>, lo que la hace ideal para utilizarla tambi\u00e9n como <strong data-start=\"399\" data-end=\"408\">regla<\/strong>.<\/p>\n<p data-start=\"418\" data-end=\"527\">Pr\u00e1ctica y vers\u00e1til, es un accesorio esencial para facilitar y optimizar cada uno de tus proyectos de tejido.<\/p>\n","protected":false},"excerpt":{"rendered":"<p>Esta herramienta destaca por su doble funcionalidad, ya que permite medir con precisi\u00f3n el grosor de tus palillos y, adem\u00e1s, cuenta con graduaci\u00f3n en cent\u00edmetros, lo<span class=\"excerpt-hellip\"> [\u2026]<\/span><\/p>\n","protected":false},"featured_media":5299,"template":"","meta":[],"product_brand":[],"product_cat":[19,69],"product_tag":[],"class_list":{"0":"post-5298","1":"product","2":"type-product","3":"status-publish","4":"has-post-thumbnail","6":"product_cat-sin-categoria","7":"product_cat-knit-pro","9":"first","10":"instock","11":"taxable","12":"shipping-taxable","13":"purchasable","14":"product-type-simple"},"_links":{"self":[{"href":"https:\/\/loskitsdelagringuita.cl\/tienda\/wp-json\/wp\/v2\/product\/5298","targetHints":{"allow":["GET"]}}],"collection":[{"href":"https:\/\/loskitsdelagringuita.cl\/tienda\/wp-json\/wp\/v2\/product"}],"about":[{"href":"https:\/\/loskitsdelagringuita.cl\/tienda\/wp-json\/wp\/v2\/types\/product"}],"wp:featuredmedia":[{"embeddable":true,"href":"https:\/\/loskitsdelagringuita.cl\/tienda\/wp-json\/wp\/v2\/media\/5299"}],"wp:attachment":[{"href":"https:\/\/loskitsdelagringuita.cl\/tienda\/wp-json\/wp\/v2\/media?parent=5298"}],"wp:term":[{"taxonomy":"product_brand","embeddable":true,"href":"https:\/\/loskitsdelagringuita.cl\/tienda\/wp-json\/wp\/v2\/product_brand?post=5298"},{"taxonomy":"product_cat","embeddable":true,"href":"https:\/\/loskitsdelagringuita.cl\/tienda\/wp-json\/wp\/v2\/product_cat?post=5298"},{"taxonomy":"product_tag","embeddable":true,"href":"https:\/\/loskitsdelagringuita.cl\/tienda\/wp-json\/wp\/v2\/product_tag?post=5298"}],"curies":[{"name":"wp","href":"https:\/\/api.w.org\/{rel}","templated":true}]}}