{"id":5296,"date":"2026-01-21T10:36:01","date_gmt":"2026-01-21T13:36:01","guid":{"rendered":"https:\/\/loskitsdelagringuita.cl\/tienda\/?post_type=product&#038;p=5296"},"modified":"2026-01-26T15:58:09","modified_gmt":"2026-01-26T18:58:09","slug":"calibrador-de-agujas-elefante-knitpro","status":"publish","type":"product","link":"https:\/\/loskitsdelagringuita.cl\/tienda\/producto\/calibrador-de-agujas-elefante-knitpro\/","title":{"rendered":"Calibrador de agujas Elefante &#8211; KnitPro"},"content":{"rendered":"<p data-start=\"119\" data-end=\"429\">Esta pr\u00e1ctica herramienta est\u00e1 dise\u00f1ada para facilitar tu experiencia al tejer. Te permite <strong data-start=\"257\" data-end=\"330\" data-is-only-node=\"\">identificar f\u00e1cilmente la medida de tus palillos o ganchos de crochet<\/strong>, adem\u00e1s de funcionar como <strong data-start=\"357\" data-end=\"378\">regla de medici\u00f3n<\/strong> gracias a su espacio integrado de <strong data-start=\"413\" data-end=\"426\">10 \u00d7 3 cm<\/strong>.<\/p>\n<p data-start=\"436\" data-end=\"657\">Su dise\u00f1o incorpora un <strong data-start=\"459\" data-end=\"475\">corta hebras<\/strong>, aportando un extra de funcionalidad que la convierte en un accesorio indispensable para cualquier amante del tejido. Compacta, vers\u00e1til y pensada para acompa\u00f1arte en cada proyecto.<\/p>\n","protected":false},"excerpt":{"rendered":"<p>Esta pr\u00e1ctica herramienta est\u00e1 dise\u00f1ada para facilitar tu experiencia al tejer. Te permite identificar f\u00e1cilmente la medida de tus palillos o ganchos de crochet, adem\u00e1s de<span class=\"excerpt-hellip\"> [\u2026]<\/span><\/p>\n","protected":false},"featured_media":5297,"template":"","meta":[],"product_brand":[],"product_cat":[19,69],"product_tag":[],"class_list":{"0":"post-5296","1":"product","2":"type-product","3":"status-publish","4":"has-post-thumbnail","6":"product_cat-sin-categoria","7":"product_cat-knit-pro","9":"first","10":"instock","11":"taxable","12":"shipping-taxable","13":"purchasable","14":"product-type-simple"},"_links":{"self":[{"href":"https:\/\/loskitsdelagringuita.cl\/tienda\/wp-json\/wp\/v2\/product\/5296","targetHints":{"allow":["GET"]}}],"collection":[{"href":"https:\/\/loskitsdelagringuita.cl\/tienda\/wp-json\/wp\/v2\/product"}],"about":[{"href":"https:\/\/loskitsdelagringuita.cl\/tienda\/wp-json\/wp\/v2\/types\/product"}],"wp:featuredmedia":[{"embeddable":true,"href":"https:\/\/loskitsdelagringuita.cl\/tienda\/wp-json\/wp\/v2\/media\/5297"}],"wp:attachment":[{"href":"https:\/\/loskitsdelagringuita.cl\/tienda\/wp-json\/wp\/v2\/media?parent=5296"}],"wp:term":[{"taxonomy":"product_brand","embeddable":true,"href":"https:\/\/loskitsdelagringuita.cl\/tienda\/wp-json\/wp\/v2\/product_brand?post=5296"},{"taxonomy":"product_cat","embeddable":true,"href":"https:\/\/loskitsdelagringuita.cl\/tienda\/wp-json\/wp\/v2\/product_cat?post=5296"},{"taxonomy":"product_tag","embeddable":true,"href":"https:\/\/loskitsdelagringuita.cl\/tienda\/wp-json\/wp\/v2\/product_tag?post=5296"}],"curies":[{"name":"wp","href":"https:\/\/api.w.org\/{rel}","templated":true}]}}