{"id":5157,"date":"2026-01-19T16:44:58","date_gmt":"2026-01-19T19:44:58","guid":{"rendered":"https:\/\/loskitsdelagringuita.cl\/tienda\/?post_type=product&#038;p=5157"},"modified":"2026-01-19T16:44:58","modified_gmt":"2026-01-19T19:44:58","slug":"acqua-microfibra","status":"publish","type":"product","link":"https:\/\/loskitsdelagringuita.cl\/tienda\/producto\/acqua-microfibra\/","title":{"rendered":"Acqua Microfibra"},"content":{"rendered":"<p>El hilado<b> Acqua <\/b>de Ukryl es de esos que dan gusto tejer \ud83d\ude0d<\/p>\n<p>Es <b>suave, livianito y no pica<\/b>, perfecto para prendas que van directo sobre la piel.<\/p>\n<p>Est\u00e1 hecho de <b>microfibra premium<\/b>, as\u00ed que adem\u00e1s de rico al tacto, es <b>resistente, antial\u00e9rgico y f\u00e1cil de lavar<\/b>. Rinde mucho y tiene una ca\u00edda preciosa, ideal para proyectos delicados y livianos.<\/p>\n<p>Perfecto para blusas, chales, bufandas finas, prendas de verano y accesorios.<\/p>\n<p><b>Detalles r\u00e1pidos:<\/b><\/p>\n<p>\u2022<strong>100%<\/strong> microfibra premium<\/p>\n<p>\u2022Ovillo de 100 g (\u2248 330 m)<\/p>\n<p>\u2022Grosor sport<\/p>\n<p>\u2022Agujas: 3.0 \u2013 4.0 mm<\/p>\n<p>\u2022Suave, liviano y rendidor<\/p>\n<p>\u2022Muchos colores para elegir \ud83c\udfa8<\/p>\n","protected":false},"excerpt":{"rendered":"<p>El hilado Acqua de Ukryl es de esos que dan gusto tejer \ud83d\ude0d Es suave, livianito y no pica, perfecto para prendas que van directo sobre<span class=\"excerpt-hellip\"> [\u2026]<\/span><\/p>\n","protected":false},"featured_media":5149,"template":"","meta":[],"product_brand":[],"product_cat":[892],"product_tag":[],"class_list":{"0":"post-5157","1":"product","2":"type-product","3":"status-publish","4":"has-post-thumbnail","6":"product_cat-microfibra","8":"first","9":"instock","10":"taxable","11":"shipping-taxable","12":"purchasable","13":"product-type-variable"},"_links":{"self":[{"href":"https:\/\/loskitsdelagringuita.cl\/tienda\/wp-json\/wp\/v2\/product\/5157","targetHints":{"allow":["GET"]}}],"collection":[{"href":"https:\/\/loskitsdelagringuita.cl\/tienda\/wp-json\/wp\/v2\/product"}],"about":[{"href":"https:\/\/loskitsdelagringuita.cl\/tienda\/wp-json\/wp\/v2\/types\/product"}],"wp:featuredmedia":[{"embeddable":true,"href":"https:\/\/loskitsdelagringuita.cl\/tienda\/wp-json\/wp\/v2\/media\/5149"}],"wp:attachment":[{"href":"https:\/\/loskitsdelagringuita.cl\/tienda\/wp-json\/wp\/v2\/media?parent=5157"}],"wp:term":[{"taxonomy":"product_brand","embeddable":true,"href":"https:\/\/loskitsdelagringuita.cl\/tienda\/wp-json\/wp\/v2\/product_brand?post=5157"},{"taxonomy":"product_cat","embeddable":true,"href":"https:\/\/loskitsdelagringuita.cl\/tienda\/wp-json\/wp\/v2\/product_cat?post=5157"},{"taxonomy":"product_tag","embeddable":true,"href":"https:\/\/loskitsdelagringuita.cl\/tienda\/wp-json\/wp\/v2\/product_tag?post=5157"}],"curies":[{"name":"wp","href":"https:\/\/api.w.org\/{rel}","templated":true}]}}