{"id":5144,"date":"2026-01-20T11:55:09","date_gmt":"2026-01-20T14:55:09","guid":{"rendered":"https:\/\/loskitsdelagringuita.cl\/tienda\/?post_type=product&#038;p=5144"},"modified":"2026-01-26T15:59:42","modified_gmt":"2026-01-26T18:59:42","slug":"set-bloqueadores-arcoiris-knit-pro","status":"publish","type":"product","link":"https:\/\/loskitsdelagringuita.cl\/tienda\/producto\/set-bloqueadores-arcoiris-knit-pro\/","title":{"rendered":"Set bloqueadores Arcoiris &#8211; Knit Pro"},"content":{"rendered":"<p>Este set de bloqueadores arco\u00edris <strong data-start=\"134\" data-end=\"166\">de KnitPro<\/strong> te ayuda a <strong data-start=\"178\" data-end=\"214\">bloquear tus proyectos<\/strong> de forma f\u00e1cil y ordenada, logrando bordes bien definidos y una forma m\u00e1s prolija. Los bloqueadores, que son peines constituidos de varios alfileres, mantienen tus prendas en la posici\u00f3n que quieres mientras se secan, lo cual es clave para que tus trabajos se vean profesionales y con la tensi\u00f3n perfecta al terminar.<\/p>\n","protected":false},"excerpt":{"rendered":"<p>Este set de bloqueadores arco\u00edris de KnitPro te ayuda a bloquear tus proyectos de forma f\u00e1cil y ordenada, logrando bordes bien definidos y una forma m\u00e1s<span class=\"excerpt-hellip\"> [\u2026]<\/span><\/p>\n","protected":false},"featured_media":5145,"template":"","meta":[],"product_brand":[],"product_cat":[19,69],"product_tag":[],"class_list":{"0":"post-5144","1":"product","2":"type-product","3":"status-publish","4":"has-post-thumbnail","6":"product_cat-sin-categoria","7":"product_cat-knit-pro","9":"first","10":"instock","11":"taxable","12":"shipping-taxable","13":"purchasable","14":"product-type-simple"},"_links":{"self":[{"href":"https:\/\/loskitsdelagringuita.cl\/tienda\/wp-json\/wp\/v2\/product\/5144","targetHints":{"allow":["GET"]}}],"collection":[{"href":"https:\/\/loskitsdelagringuita.cl\/tienda\/wp-json\/wp\/v2\/product"}],"about":[{"href":"https:\/\/loskitsdelagringuita.cl\/tienda\/wp-json\/wp\/v2\/types\/product"}],"wp:featuredmedia":[{"embeddable":true,"href":"https:\/\/loskitsdelagringuita.cl\/tienda\/wp-json\/wp\/v2\/media\/5145"}],"wp:attachment":[{"href":"https:\/\/loskitsdelagringuita.cl\/tienda\/wp-json\/wp\/v2\/media?parent=5144"}],"wp:term":[{"taxonomy":"product_brand","embeddable":true,"href":"https:\/\/loskitsdelagringuita.cl\/tienda\/wp-json\/wp\/v2\/product_brand?post=5144"},{"taxonomy":"product_cat","embeddable":true,"href":"https:\/\/loskitsdelagringuita.cl\/tienda\/wp-json\/wp\/v2\/product_cat?post=5144"},{"taxonomy":"product_tag","embeddable":true,"href":"https:\/\/loskitsdelagringuita.cl\/tienda\/wp-json\/wp\/v2\/product_tag?post=5144"}],"curies":[{"name":"wp","href":"https:\/\/api.w.org\/{rel}","templated":true}]}}