{"id":4963,"date":"2026-01-20T10:54:57","date_gmt":"2026-01-20T13:54:57","guid":{"rendered":"https:\/\/loskitsdelagringuita.cl\/tienda\/?post_type=product&#038;p=4963"},"modified":"2026-01-26T16:00:59","modified_gmt":"2026-01-26T19:00:59","slug":"crochet-tulip-etimo-red","status":"publish","type":"product","link":"https:\/\/loskitsdelagringuita.cl\/tienda\/producto\/crochet-tulip-etimo-red\/","title":{"rendered":"Crochet Etimo Red Tulip"},"content":{"rendered":"<p data-start=\"93\" data-end=\"214\">Este ganchillo transformar\u00e1 cada sesi\u00f3n de tejido en un verdadero placer \ud83e\uddf6<\/p>\n<p data-start=\"216\" data-end=\"708\">Este crochet japon\u00e9s est\u00e1 dise\u00f1ado para que tus manos y tu vista te lo agradezcan. Tiene un <strong data-start=\"302\" data-end=\"340\">mango ergon\u00f3mico de silicona suave, <\/strong>que se adapta c\u00f3modamente a la mano evitando la fatiga incluso cuando tejes por horas. La <strong data-start=\"427\" data-end=\"460\">punta met\u00e1lica fina y precisa<\/strong> entra f\u00e1cilmente en cada punto, ayud\u00e1ndote a avanzar con fluidez y sin tirones. Ademas, el acabado <strong data-start=\"552\" data-end=\"583\">rojo mate no refleja la luz<\/strong>, cuidando tu vista y aportando un toque elegante a tu caja de herramientas creativas.<\/p>\n","protected":false},"excerpt":{"rendered":"<p>Este ganchillo transformar\u00e1 cada sesi\u00f3n de tejido en un verdadero placer \ud83e\uddf6 Este crochet japon\u00e9s est\u00e1 dise\u00f1ado para que tus manos y tu vista te lo<span class=\"excerpt-hellip\"> [\u2026]<\/span><\/p>\n","protected":false},"featured_media":4966,"template":"","meta":[],"product_brand":[],"product_cat":[19,70],"product_tag":[],"class_list":{"0":"post-4963","1":"product","2":"type-product","3":"status-publish","4":"has-post-thumbnail","6":"product_cat-sin-categoria","7":"product_cat-otras-marcas","9":"first","10":"instock","11":"taxable","12":"shipping-taxable","13":"purchasable","14":"product-type-variable"},"_links":{"self":[{"href":"https:\/\/loskitsdelagringuita.cl\/tienda\/wp-json\/wp\/v2\/product\/4963","targetHints":{"allow":["GET"]}}],"collection":[{"href":"https:\/\/loskitsdelagringuita.cl\/tienda\/wp-json\/wp\/v2\/product"}],"about":[{"href":"https:\/\/loskitsdelagringuita.cl\/tienda\/wp-json\/wp\/v2\/types\/product"}],"wp:featuredmedia":[{"embeddable":true,"href":"https:\/\/loskitsdelagringuita.cl\/tienda\/wp-json\/wp\/v2\/media\/4966"}],"wp:attachment":[{"href":"https:\/\/loskitsdelagringuita.cl\/tienda\/wp-json\/wp\/v2\/media?parent=4963"}],"wp:term":[{"taxonomy":"product_brand","embeddable":true,"href":"https:\/\/loskitsdelagringuita.cl\/tienda\/wp-json\/wp\/v2\/product_brand?post=4963"},{"taxonomy":"product_cat","embeddable":true,"href":"https:\/\/loskitsdelagringuita.cl\/tienda\/wp-json\/wp\/v2\/product_cat?post=4963"},{"taxonomy":"product_tag","embeddable":true,"href":"https:\/\/loskitsdelagringuita.cl\/tienda\/wp-json\/wp\/v2\/product_tag?post=4963"}],"curies":[{"name":"wp","href":"https:\/\/api.w.org\/{rel}","templated":true}]}}