{"id":4945,"date":"2026-01-20T11:09:21","date_gmt":"2026-01-20T14:09:21","guid":{"rendered":"https:\/\/loskitsdelagringuita.cl\/tienda\/?post_type=product&#038;p=4945"},"modified":"2026-01-26T16:00:50","modified_gmt":"2026-01-26T19:00:50","slug":"crochet-etimo-murasaki","status":"publish","type":"product","link":"https:\/\/loskitsdelagringuita.cl\/tienda\/producto\/crochet-etimo-murasaki\/","title":{"rendered":"Crochet Etimo Murasaki Tulip"},"content":{"rendered":"<p>Este ganchillo es de esos que se sienten bien apenas lo tomas. Su mango suave y ergon\u00f3mico ayuda a que la mano no se canse, incluso cuando te quedas tejiendo \u201cun ratito m\u00e1s\u201d. La punta met\u00e1lica es precisa y corre suave, haciendo que los puntos salgan parejitos y sin esfuerzo. Adem\u00e1s, no podemos olvidar su lindo color Murasaki, que lo hace a\u00fan m\u00e1s especial. \ud83d\udc9c<\/p>\n","protected":false},"excerpt":{"rendered":"<p>Este ganchillo es de esos que se sienten bien apenas lo tomas. Su mango suave y ergon\u00f3mico ayuda a que la mano no se canse, incluso<span class=\"excerpt-hellip\"> [\u2026]<\/span><\/p>\n","protected":false},"featured_media":4950,"template":"","meta":[],"product_brand":[],"product_cat":[19,70],"product_tag":[],"class_list":{"0":"post-4945","1":"product","2":"type-product","3":"status-publish","4":"has-post-thumbnail","6":"product_cat-sin-categoria","7":"product_cat-otras-marcas","9":"first","10":"instock","11":"taxable","12":"shipping-taxable","13":"purchasable","14":"product-type-variable"},"_links":{"self":[{"href":"https:\/\/loskitsdelagringuita.cl\/tienda\/wp-json\/wp\/v2\/product\/4945","targetHints":{"allow":["GET"]}}],"collection":[{"href":"https:\/\/loskitsdelagringuita.cl\/tienda\/wp-json\/wp\/v2\/product"}],"about":[{"href":"https:\/\/loskitsdelagringuita.cl\/tienda\/wp-json\/wp\/v2\/types\/product"}],"wp:featuredmedia":[{"embeddable":true,"href":"https:\/\/loskitsdelagringuita.cl\/tienda\/wp-json\/wp\/v2\/media\/4950"}],"wp:attachment":[{"href":"https:\/\/loskitsdelagringuita.cl\/tienda\/wp-json\/wp\/v2\/media?parent=4945"}],"wp:term":[{"taxonomy":"product_brand","embeddable":true,"href":"https:\/\/loskitsdelagringuita.cl\/tienda\/wp-json\/wp\/v2\/product_brand?post=4945"},{"taxonomy":"product_cat","embeddable":true,"href":"https:\/\/loskitsdelagringuita.cl\/tienda\/wp-json\/wp\/v2\/product_cat?post=4945"},{"taxonomy":"product_tag","embeddable":true,"href":"https:\/\/loskitsdelagringuita.cl\/tienda\/wp-json\/wp\/v2\/product_tag?post=4945"}],"curies":[{"name":"wp","href":"https:\/\/api.w.org\/{rel}","templated":true}]}}