{"id":4860,"date":"2026-01-20T11:40:44","date_gmt":"2026-01-20T14:40:44","guid":{"rendered":"https:\/\/loskitsdelagringuita.cl\/tienda\/?post_type=product&#038;p=4860"},"modified":"2026-01-26T16:00:01","modified_gmt":"2026-01-26T19:00:01","slug":"aguja-lanera-lantern-moon","status":"publish","type":"product","link":"https:\/\/loskitsdelagringuita.cl\/tienda\/producto\/aguja-lanera-lantern-moon\/","title":{"rendered":"Aguja lanera &#8211; Lantern Moon"},"content":{"rendered":"<p>Una aguja lanera pensada para rematar tus labores con facilidad: <strong data-start=\"181\" data-end=\"261\">ideal para esconder hebras, unir piezas y dar esos toques finales impecables<\/strong> a todos tus proyectos. Est\u00e1n fabricadas en madera de \u00e9bano y con un acabado de seda l\u00edquida.<br \/>\nCada paquete contiene 3 agujas en los siguientes tama\u00f1os:\u00a02,25 mm, 2,75 mm y 3,25 mm<\/p>\n","protected":false},"excerpt":{"rendered":"<p>Una aguja lanera pensada para rematar tus labores con facilidad: ideal para esconder hebras, unir piezas y dar esos toques finales impecables a todos tus proyectos.<span class=\"excerpt-hellip\"> [\u2026]<\/span><\/p>\n","protected":false},"featured_media":4861,"template":"","meta":[],"product_brand":[],"product_cat":[19,961],"product_tag":[],"class_list":{"0":"post-4860","1":"product","2":"type-product","3":"status-publish","4":"has-post-thumbnail","6":"product_cat-sin-categoria","7":"product_cat-lantern-moon","9":"first","10":"outofstock","11":"taxable","12":"shipping-taxable","13":"purchasable","14":"product-type-simple"},"_links":{"self":[{"href":"https:\/\/loskitsdelagringuita.cl\/tienda\/wp-json\/wp\/v2\/product\/4860","targetHints":{"allow":["GET"]}}],"collection":[{"href":"https:\/\/loskitsdelagringuita.cl\/tienda\/wp-json\/wp\/v2\/product"}],"about":[{"href":"https:\/\/loskitsdelagringuita.cl\/tienda\/wp-json\/wp\/v2\/types\/product"}],"wp:featuredmedia":[{"embeddable":true,"href":"https:\/\/loskitsdelagringuita.cl\/tienda\/wp-json\/wp\/v2\/media\/4861"}],"wp:attachment":[{"href":"https:\/\/loskitsdelagringuita.cl\/tienda\/wp-json\/wp\/v2\/media?parent=4860"}],"wp:term":[{"taxonomy":"product_brand","embeddable":true,"href":"https:\/\/loskitsdelagringuita.cl\/tienda\/wp-json\/wp\/v2\/product_brand?post=4860"},{"taxonomy":"product_cat","embeddable":true,"href":"https:\/\/loskitsdelagringuita.cl\/tienda\/wp-json\/wp\/v2\/product_cat?post=4860"},{"taxonomy":"product_tag","embeddable":true,"href":"https:\/\/loskitsdelagringuita.cl\/tienda\/wp-json\/wp\/v2\/product_tag?post=4860"}],"curies":[{"name":"wp","href":"https:\/\/api.w.org\/{rel}","templated":true}]}}