{"id":4754,"date":"2026-01-19T17:23:00","date_gmt":"2026-01-19T20:23:00","guid":{"rendered":"https:\/\/loskitsdelagringuita.cl\/tienda\/?post_type=product&#038;p=4754"},"modified":"2026-01-26T16:07:03","modified_gmt":"2026-01-26T19:07:03","slug":"batik-microfibra","status":"publish","type":"product","link":"https:\/\/loskitsdelagringuita.cl\/tienda\/producto\/batik-microfibra\/","title":{"rendered":"Batik Microfibra"},"content":{"rendered":"<p data-start=\"124\" data-end=\"267\">El hilado <strong data-start=\"134\" data-end=\"165\">Batik Microfibra <\/strong>de Petunia es suave, liviano y tiene un <strong data-start=\"195\" data-end=\"220\">te\u00f1ido matizado precioso<\/strong> que da color y personalidad a tus tejidos \ud83d\ude0d<\/p>\n<p data-start=\"269\" data-end=\"520\">Est\u00e1 hecho de <strong data-start=\"283\" data-end=\"319\">100% microfibra acr\u00edlica premium<\/strong>, lo que lo hace agradable al tacto, c\u00f3modo sobre la piel y f\u00e1cil de trabajar. Rinde mucho y sus colores mezclados aportan un toque art\u00edstico a cualquier proyecto.<\/p>\n<p data-start=\"522\" data-end=\"622\">Ideal para <strong data-start=\"533\" data-end=\"557\">prendas y accesorios<\/strong>, desde bufandas, poleras y chales hasta detalles creativos coloridos \ud83c\udf08<\/p>\n<p data-start=\"624\" data-end=\"918\"><strong data-start=\"624\" data-end=\"645\">Detalles r\u00e1pidos:<\/strong><br data-start=\"645\" data-end=\"648\" \/>\u2022 100% microfibra acr\u00edlica premium<br data-start=\"682\" data-end=\"685\" \/>\u2022 Ovillo de 100 g (\u2248 320 m) <br data-start=\"750\" data-end=\"753\" \/>\u2022 Grosor sport<br data-start=\"773\" data-end=\"776\" \/>\u2022 Agujas: 3.0 \u2013 4.0 mm | Crochet: 2.0 \u2013 3.0 mm <br data-start=\"860\" data-end=\"863\" \/>\u2022 Suave, liviano y rendidor<br data-start=\"890\" data-end=\"893\" \/>\u2022 Colores batik \u00fanicos \ud83c\udfa8<\/p>\n","protected":false},"excerpt":{"rendered":"<p>El hilado Batik Microfibra de Petunia es suave, liviano y tiene un te\u00f1ido matizado precioso que da color y personalidad a tus tejidos \ud83d\ude0d Est\u00e1 hecho<span class=\"excerpt-hellip\"> [\u2026]<\/span><\/p>\n","protected":false},"featured_media":4755,"template":"","meta":[],"product_brand":[],"product_cat":[52,892],"product_tag":[],"class_list":{"0":"post-4754","1":"product","2":"type-product","3":"status-publish","4":"has-post-thumbnail","6":"product_cat-hilados","7":"product_cat-microfibra","9":"first","10":"instock","11":"taxable","12":"shipping-taxable","13":"purchasable","14":"product-type-variable"},"_links":{"self":[{"href":"https:\/\/loskitsdelagringuita.cl\/tienda\/wp-json\/wp\/v2\/product\/4754","targetHints":{"allow":["GET"]}}],"collection":[{"href":"https:\/\/loskitsdelagringuita.cl\/tienda\/wp-json\/wp\/v2\/product"}],"about":[{"href":"https:\/\/loskitsdelagringuita.cl\/tienda\/wp-json\/wp\/v2\/types\/product"}],"wp:featuredmedia":[{"embeddable":true,"href":"https:\/\/loskitsdelagringuita.cl\/tienda\/wp-json\/wp\/v2\/media\/4755"}],"wp:attachment":[{"href":"https:\/\/loskitsdelagringuita.cl\/tienda\/wp-json\/wp\/v2\/media?parent=4754"}],"wp:term":[{"taxonomy":"product_brand","embeddable":true,"href":"https:\/\/loskitsdelagringuita.cl\/tienda\/wp-json\/wp\/v2\/product_brand?post=4754"},{"taxonomy":"product_cat","embeddable":true,"href":"https:\/\/loskitsdelagringuita.cl\/tienda\/wp-json\/wp\/v2\/product_cat?post=4754"},{"taxonomy":"product_tag","embeddable":true,"href":"https:\/\/loskitsdelagringuita.cl\/tienda\/wp-json\/wp\/v2\/product_tag?post=4754"}],"curies":[{"name":"wp","href":"https:\/\/api.w.org\/{rel}","templated":true}]}}