{"id":4710,"date":"2026-01-05T16:58:13","date_gmt":"2026-01-05T19:58:13","guid":{"rendered":"https:\/\/loskitsdelagringuita.cl\/tienda\/?post_type=product&#038;p=4710"},"modified":"2026-01-26T16:55:58","modified_gmt":"2026-01-26T19:55:58","slug":"bambu-modista","status":"publish","type":"product","link":"https:\/\/loskitsdelagringuita.cl\/tienda\/producto\/bambu-modista\/","title":{"rendered":"Bambu Modista"},"content":{"rendered":"<p data-start=\"208\" data-end=\"713\"><strong data-start=\"245\" data-end=\"262\">Bamb\u00fa Modista<\/strong> es un hilo suave, ligero y con un brillo natural, su mezcla equilibrada de bamb\u00fa y algod\u00f3n permite que el tejido respire y se sienta delicado sobre la piel, siendo ideal para prendas veraniegas, chales, blusas y m\u00e1s. F\u00e1cil de trabajar tanto en palillos como en crochet, este hilo convierte cualquier proyecto en una pieza con ca\u00edda delicada.<\/p>\n<p data-start=\"208\" data-end=\"713\"><strong data-start=\"715\" data-end=\"736\">Detalles r\u00e1pidos:<\/strong><br data-start=\"736\" data-end=\"739\" \/>\u2022 <strong data-start=\"741\" data-end=\"757\">Composici\u00f3n:<\/strong> 50% bamb\u00fa, 50% algod\u00f3n\u00a0<br data-start=\"848\" data-end=\"851\" \/>\u2022 <strong data-start=\"853\" data-end=\"864\">Ovillo:<\/strong> 100\u202fg (~220\u202fm)\u00a0<br data-start=\"970\" data-end=\"973\" \/>\u2022 <strong data-start=\"975\" data-end=\"986\">Grosor:<\/strong> Ligero\u00a0<br data-start=\"1048\" data-end=\"1051\" \/>\u2022 <strong data-start=\"1053\" data-end=\"1079\">Palillos recomendados:<\/strong> 3.5\u20134.0\u202fmm <br data-start=\"1128\" data-end=\"1131\" \/>\u2022 <strong data-start=\"1133\" data-end=\"1157\">Crochet recomendado:<\/strong> 3.0\u20133.5\u202fmm \ud83e\uddf6 <br data-start=\"1209\" data-end=\"1212\" \/><\/p>\n","protected":false},"excerpt":{"rendered":"<p>Bamb\u00fa Modista es un hilo suave, ligero y con un brillo natural, su mezcla equilibrada de bamb\u00fa y algod\u00f3n permite que el tejido respire y se<span class=\"excerpt-hellip\"> [\u2026]<\/span><\/p>\n","protected":false},"featured_media":4711,"template":"","meta":[],"product_brand":[],"product_cat":[19],"product_tag":[],"class_list":{"0":"post-4710","1":"product","2":"type-product","3":"status-publish","4":"has-post-thumbnail","6":"product_cat-sin-categoria","8":"first","9":"instock","10":"taxable","11":"shipping-taxable","12":"purchasable","13":"product-type-variable"},"_links":{"self":[{"href":"https:\/\/loskitsdelagringuita.cl\/tienda\/wp-json\/wp\/v2\/product\/4710","targetHints":{"allow":["GET"]}}],"collection":[{"href":"https:\/\/loskitsdelagringuita.cl\/tienda\/wp-json\/wp\/v2\/product"}],"about":[{"href":"https:\/\/loskitsdelagringuita.cl\/tienda\/wp-json\/wp\/v2\/types\/product"}],"wp:featuredmedia":[{"embeddable":true,"href":"https:\/\/loskitsdelagringuita.cl\/tienda\/wp-json\/wp\/v2\/media\/4711"}],"wp:attachment":[{"href":"https:\/\/loskitsdelagringuita.cl\/tienda\/wp-json\/wp\/v2\/media?parent=4710"}],"wp:term":[{"taxonomy":"product_brand","embeddable":true,"href":"https:\/\/loskitsdelagringuita.cl\/tienda\/wp-json\/wp\/v2\/product_brand?post=4710"},{"taxonomy":"product_cat","embeddable":true,"href":"https:\/\/loskitsdelagringuita.cl\/tienda\/wp-json\/wp\/v2\/product_cat?post=4710"},{"taxonomy":"product_tag","embeddable":true,"href":"https:\/\/loskitsdelagringuita.cl\/tienda\/wp-json\/wp\/v2\/product_tag?post=4710"}],"curies":[{"name":"wp","href":"https:\/\/api.w.org\/{rel}","templated":true}]}}