{"id":4651,"date":"2026-01-19T17:08:17","date_gmt":"2026-01-19T20:08:17","guid":{"rendered":"https:\/\/loskitsdelagringuita.cl\/tienda\/?post_type=product&#038;p=4651"},"modified":"2026-01-19T17:08:17","modified_gmt":"2026-01-19T20:08:17","slug":"ambar-terra","status":"publish","type":"product","link":"https:\/\/loskitsdelagringuita.cl\/tienda\/producto\/ambar-terra\/","title":{"rendered":"Ambar Terra"},"content":{"rendered":"<p data-start=\"118\" data-end=\"367\">El hilado <strong data-start=\"128\" data-end=\"143\">Ambar Terra<\/strong> de Modista es suave y rendidor \ud83d\ude0d<br data-start=\"186\" data-end=\"189\" \/>Con su mezcla <strong data-start=\"203\" data-end=\"254\">100% acr\u00edlico premium s\u00faper soft y anti-pilling<\/strong>, se trabaja f\u00e1cil y tus tejidos quedan c\u00f3modos, resistentes y sin bolitas.<\/p>\n<p data-start=\"369\" data-end=\"529\">Su ovillo es de <strong data-start=\"389\" data-end=\"408\">200 g (\u2248 400 m)<\/strong>\u00a0y sus colores matizados dan un look precioso sin mucho esfuerzo.<\/p>\n<p data-start=\"531\" data-end=\"626\">Perfecto para <strong data-start=\"545\" data-end=\"622\">su\u00e9teres, chales, bufandas y todo tipo de prendas y accesorios acogedores<\/strong> \ud83c\udfa8<\/p>\n<p data-start=\"628\" data-end=\"775\"><strong data-start=\"628\" data-end=\"649\">Detalles r\u00e1pidos:<\/strong><br data-start=\"649\" data-end=\"652\" \/>\u2022 100% acr\u00edlico premium<br data-start=\"675\" data-end=\"678\" \/>\u2022 Ovillo de 200 g (\u2248 400 m)<br data-start=\"705\" data-end=\"708\" \/>\u2022 Grosor: Worsted<br data-start=\"705\" data-end=\"708\" \/>\u2022 Agujas: 4.0 \u2013 5.0 m<br data-start=\"705\" data-end=\"708\" \/><\/p>\n","protected":false},"excerpt":{"rendered":"<p>El hilado Ambar Terra de Modista es suave y rendidor \ud83d\ude0dCon su mezcla 100% acr\u00edlico premium s\u00faper soft y anti-pilling, se trabaja f\u00e1cil y tus tejidos<span class=\"excerpt-hellip\"> [\u2026]<\/span><\/p>\n","protected":false},"featured_media":4652,"template":"","meta":[],"product_brand":[],"product_cat":[30],"product_tag":[],"class_list":{"0":"post-4651","1":"product","2":"type-product","3":"status-publish","4":"has-post-thumbnail","6":"product_cat-hilados-acrilicos","8":"first","9":"instock","10":"taxable","11":"shipping-taxable","12":"purchasable","13":"product-type-variable"},"_links":{"self":[{"href":"https:\/\/loskitsdelagringuita.cl\/tienda\/wp-json\/wp\/v2\/product\/4651","targetHints":{"allow":["GET"]}}],"collection":[{"href":"https:\/\/loskitsdelagringuita.cl\/tienda\/wp-json\/wp\/v2\/product"}],"about":[{"href":"https:\/\/loskitsdelagringuita.cl\/tienda\/wp-json\/wp\/v2\/types\/product"}],"wp:featuredmedia":[{"embeddable":true,"href":"https:\/\/loskitsdelagringuita.cl\/tienda\/wp-json\/wp\/v2\/media\/4652"}],"wp:attachment":[{"href":"https:\/\/loskitsdelagringuita.cl\/tienda\/wp-json\/wp\/v2\/media?parent=4651"}],"wp:term":[{"taxonomy":"product_brand","embeddable":true,"href":"https:\/\/loskitsdelagringuita.cl\/tienda\/wp-json\/wp\/v2\/product_brand?post=4651"},{"taxonomy":"product_cat","embeddable":true,"href":"https:\/\/loskitsdelagringuita.cl\/tienda\/wp-json\/wp\/v2\/product_cat?post=4651"},{"taxonomy":"product_tag","embeddable":true,"href":"https:\/\/loskitsdelagringuita.cl\/tienda\/wp-json\/wp\/v2\/product_tag?post=4651"}],"curies":[{"name":"wp","href":"https:\/\/api.w.org\/{rel}","templated":true}]}}