{"id":4638,"date":"2026-01-19T16:59:26","date_gmt":"2026-01-19T19:59:26","guid":{"rendered":"https:\/\/loskitsdelagringuita.cl\/tienda\/?post_type=product&#038;p=4638"},"modified":"2026-01-26T16:08:42","modified_gmt":"2026-01-26T19:08:42","slug":"ambar-kids","status":"publish","type":"product","link":"https:\/\/loskitsdelagringuita.cl\/tienda\/producto\/ambar-kids\/","title":{"rendered":"Ambar Kids"},"content":{"rendered":"<p data-start=\"45\" data-end=\"200\">El hilado <strong data-start=\"55\" data-end=\"69\">\u00c1mbar Kids<\/strong> es suavecito, liviano y no pica \ud83d\ude0d<br data-start=\"104\" data-end=\"107\" \/>Ideal para prendas delicadas que van directo sobre la piel, especialmente para beb\u00e9s y ni\u00f1os.<\/p>\n<p data-start=\"202\" data-end=\"345\">Est\u00e1 hecho de <strong data-start=\"216\" data-end=\"253\">acr\u00edlico hipoalerg\u00e9nico supersoft<\/strong>, es resistente, f\u00e1cil de lavar y no hace bolitas, rinde muy bien y tiene una ca\u00edda hermosa.<\/p>\n<p data-start=\"347\" data-end=\"434\">Perfecto para <strong data-start=\"361\" data-end=\"413\">ropa de bebe, mantitas, gorritos y accesorios<\/strong> llenos de ternura \ud83d\udc95<\/p>\n<p data-start=\"436\" data-end=\"609\"><strong data-start=\"436\" data-end=\"457\">Detalles r\u00e1pidos:<\/strong><br data-start=\"457\" data-end=\"460\" \/>\u2022 100% acr\u00edlico hipoalerg\u00e9nico<br data-start=\"490\" data-end=\"493\" \/>\u2022 Ovillo de 100 g (\u2248 290 m)<br data-start=\"520\" data-end=\"523\" \/>\u2022 Agujas: 3.5 \u2013 4.5 mm<br data-start=\"545\" data-end=\"548\" \/>\u2022 Suave, liviano y rendidor<br data-start=\"575\" data-end=\"578\" \/>\u2022 Varios colores para elegir \ud83c\udfa8<\/p>\n","protected":false},"excerpt":{"rendered":"<p>El hilado \u00c1mbar Kids es suavecito, liviano y no pica \ud83d\ude0dIdeal para prendas delicadas que van directo sobre la piel, especialmente para beb\u00e9s y ni\u00f1os. Est\u00e1<span class=\"excerpt-hellip\"> [\u2026]<\/span><\/p>\n","protected":false},"featured_media":4639,"template":"","meta":[],"product_brand":[],"product_cat":[30],"product_tag":[],"class_list":{"0":"post-4638","1":"product","2":"type-product","3":"status-publish","4":"has-post-thumbnail","6":"product_cat-hilados-acrilicos","8":"first","9":"instock","10":"taxable","11":"shipping-taxable","12":"purchasable","13":"product-type-variable"},"_links":{"self":[{"href":"https:\/\/loskitsdelagringuita.cl\/tienda\/wp-json\/wp\/v2\/product\/4638","targetHints":{"allow":["GET"]}}],"collection":[{"href":"https:\/\/loskitsdelagringuita.cl\/tienda\/wp-json\/wp\/v2\/product"}],"about":[{"href":"https:\/\/loskitsdelagringuita.cl\/tienda\/wp-json\/wp\/v2\/types\/product"}],"wp:featuredmedia":[{"embeddable":true,"href":"https:\/\/loskitsdelagringuita.cl\/tienda\/wp-json\/wp\/v2\/media\/4639"}],"wp:attachment":[{"href":"https:\/\/loskitsdelagringuita.cl\/tienda\/wp-json\/wp\/v2\/media?parent=4638"}],"wp:term":[{"taxonomy":"product_brand","embeddable":true,"href":"https:\/\/loskitsdelagringuita.cl\/tienda\/wp-json\/wp\/v2\/product_brand?post=4638"},{"taxonomy":"product_cat","embeddable":true,"href":"https:\/\/loskitsdelagringuita.cl\/tienda\/wp-json\/wp\/v2\/product_cat?post=4638"},{"taxonomy":"product_tag","embeddable":true,"href":"https:\/\/loskitsdelagringuita.cl\/tienda\/wp-json\/wp\/v2\/product_tag?post=4638"}],"curies":[{"name":"wp","href":"https:\/\/api.w.org\/{rel}","templated":true}]}}