{"id":4260,"date":"2024-09-27T14:51:18","date_gmt":"2024-09-27T17:51:18","guid":{"rendered":"https:\/\/tienda.loskitsdelagringuita.cl\/?post_type=product&#038;p=4260"},"modified":"2026-01-26T16:12:33","modified_gmt":"2026-01-26T19:12:33","slug":"paillettes","status":"publish","type":"product","link":"https:\/\/loskitsdelagringuita.cl\/tienda\/producto\/paillettes\/","title":{"rendered":"Paillettes"},"content":{"rendered":"<p>Hilado con lentejuelas!!!!<\/p>\n<p>Para darle un toque especial a tus tejidos<\/p>\n<p>Puedes tejerlo solo o mezclado con otro hilado<\/p>\n<p>Los conos tienen un gran rendimiento de 800 metros en sus 50 gramos<\/p>\n<p>Es 75% poli\u00e9ster met\u00e1lico y 25% lentejuelas de poli\u00e9ster<\/p>\n<p>Es de grosor Lace para una aguja de 2.5 mm hacia arriba<\/p>\n","protected":false},"excerpt":{"rendered":"<p>Hilado con lentejuelas!!!! Para darle un toque especial a tus tejidos Puedes tejerlo solo o mezclado con otro hilado Los conos tienen un gran rendimiento de<span class=\"excerpt-hellip\"> [\u2026]<\/span><\/p>\n","protected":false},"featured_media":4261,"template":"","meta":[],"product_brand":[],"product_cat":[19,52],"product_tag":[],"class_list":{"0":"post-4260","1":"product","2":"type-product","3":"status-publish","4":"has-post-thumbnail","6":"product_cat-sin-categoria","7":"product_cat-hilados","9":"first","10":"instock","11":"taxable","12":"shipping-taxable","13":"purchasable","14":"product-type-variable"},"_links":{"self":[{"href":"https:\/\/loskitsdelagringuita.cl\/tienda\/wp-json\/wp\/v2\/product\/4260","targetHints":{"allow":["GET"]}}],"collection":[{"href":"https:\/\/loskitsdelagringuita.cl\/tienda\/wp-json\/wp\/v2\/product"}],"about":[{"href":"https:\/\/loskitsdelagringuita.cl\/tienda\/wp-json\/wp\/v2\/types\/product"}],"wp:featuredmedia":[{"embeddable":true,"href":"https:\/\/loskitsdelagringuita.cl\/tienda\/wp-json\/wp\/v2\/media\/4261"}],"wp:attachment":[{"href":"https:\/\/loskitsdelagringuita.cl\/tienda\/wp-json\/wp\/v2\/media?parent=4260"}],"wp:term":[{"taxonomy":"product_brand","embeddable":true,"href":"https:\/\/loskitsdelagringuita.cl\/tienda\/wp-json\/wp\/v2\/product_brand?post=4260"},{"taxonomy":"product_cat","embeddable":true,"href":"https:\/\/loskitsdelagringuita.cl\/tienda\/wp-json\/wp\/v2\/product_cat?post=4260"},{"taxonomy":"product_tag","embeddable":true,"href":"https:\/\/loskitsdelagringuita.cl\/tienda\/wp-json\/wp\/v2\/product_tag?post=4260"}],"curies":[{"name":"wp","href":"https:\/\/api.w.org\/{rel}","templated":true}]}}